{"id":1038,"date":"2015-12-28T17:09:51","date_gmt":"2015-12-28T16:09:51","guid":{"rendered":"http:\/\/aom-systems.de\/de\/?page_id=1038"},"modified":"2023-10-05T13:57:58","modified_gmt":"2023-10-05T11:57:58","slug":"anwendungsbeispiel-qualitatskontrolle-fur-dusen","status":"publish","type":"page","link":"https:\/\/www.aom-systems.com\/de\/?page_id=1038","title":{"rendered":"Anwendungsbeispiel: Qualit\u00e4tskontrolle f\u00fcr D\u00fcsen"},"content":{"rendered":"\n<p>Mit der&nbsp;SpraySpy<sup>\u00ae<\/sup>-Technologie kann eine kosten- und zeitsparende Qualit\u00e4tskontrolle durchgef\u00fchrt werden. Das gibt dem Kunden die Gewissheit, Produkte in konstanter Qualit\u00e4t zu beziehen. Dies gilt sowohl f\u00fcr die \u201eHardware\u201c der Applikationstechnik, insbesondere f\u00fcr D\u00fcsen, als auch f\u00fcr die applizierten Materialien (z.B. Lackchargen).<\/p>\n\n\n\n<p>Die Qualit\u00e4tskontrolle kann offline, nach der Herstellung der Produkte, oder inline, w\u00e4hrend des Produktionsprozesses, erfolgen.<\/p>\n\n\n\n<p>Das entsprechende Verfahren wurde von AOM-Systems in Kooperation mit namhaften Industrie- und Forschungspartnern entwickelt. Die nachfolgenden Fachbeitr\u00e4ge berichten \u00fcber die Qualit\u00e4tskontrolle von D\u00fcsen und die Vorteile aus Anwendersicht:<\/p>\n\n\n\n<ul class=\"wp-block-list\">\n<li><a href=\"https:\/\/www.aom-systems.com\/de\/wp-content\/uploads\/2015\/11\/2015_18_BL_WEB.pdf\" target=\"_blank\" rel=\"noreferrer noopener\">In der Ausgabe 18\/2015 berichtet die \u201ebesserlackieren\u201c \u00fcber das entwickelte Verfahren zur Qualit\u00e4tskontrolle von D\u00fcsen und Lackchargen.&nbsp;<\/a><\/li>\n\n\n\n<li><a href=\"https:\/\/www.aom-systems.com\/de\/wp-content\/uploads\/2018\/12\/Spritzstrahl-und-D%C3%BCsenstandzeit-%E2%80%93-Eine-M%C3%B6glichkeit-zur-Erh%C3%B6hung_J_O_T_12_2018.pdf\" target=\"_blank\" rel=\"noreferrer noopener\">In der Ausgabe 12\/2018 berichtet die JOT \u00fcber die Forschungsergebnisse einer gemeinsamen Untersuchung von Prof. H\u00e4nsel (BA Sachsen) und AOM-Systems.<\/a><\/li>\n<\/ul>\n\n\n\n<p><strong>Beispiele der Qualit\u00e4tskontrolle einer D\u00fcse&nbsp;<\/strong><\/p>\n\n\n<div class=\"wp-block-image\">\n<figure class=\"aligncenter\"><img decoding=\"async\" width=\"300\" height=\"153\" data-src=\"https:\/\/www.aom-systems.com\/de\/wp-content\/uploads\/2016\/10\/Measurement-of-a-Sames-Rotary-Bell-Atomizer-with-SpraySpy-300x153.jpg\" alt=\"\" class=\"wp-image-1432 lazyload\" data-srcset=\"https:\/\/www.aom-systems.com\/de\/wp-content\/uploads\/2016\/10\/Measurement-of-a-Sames-Rotary-Bell-Atomizer-with-SpraySpy.jpg 300w, https:\/\/www.aom-systems.com\/de\/wp-content\/uploads\/2016\/10\/Measurement-of-a-Sames-Rotary-Bell-Atomizer-with-SpraySpy-80x41.jpg 80w, https:\/\/www.aom-systems.com\/de\/wp-content\/uploads\/2016\/10\/Measurement-of-a-Sames-Rotary-Bell-Atomizer-with-SpraySpy-130x66.jpg 130w\" data-sizes=\"(max-width: 300px) 100vw, 300px\" src=\"data:image\/svg+xml;base64,PHN2ZyB3aWR0aD0iMSIgaGVpZ2h0PSIxIiB4bWxucz0iaHR0cDovL3d3dy53My5vcmcvMjAwMC9zdmciPjwvc3ZnPg==\" style=\"--smush-placeholder-width: 300px; --smush-placeholder-aspect-ratio: 300\/153;\" \/><\/figure>\n<\/div>\n\n\n<div style=\"height:25px\" aria-hidden=\"true\" class=\"wp-block-spacer\"><\/div>\n\n\n\n<p>Qualit\u00e4tskontrolle der Sprayparameter:&nbsp;SpraySpy<sup>\u00ae<\/sup>&nbsp;kontrolliert die Drehzahl an der Glocke durch die Messung der Tropfengr\u00f6\u00dfen und -geschwindigkeiten. Es werden bereits kleine Abweichungen vom Sollwert identifiziert.<\/p>\n\n\n\n<p><a href=\"https:\/\/www.aom-systems.com\/de\/?page_id=138\"><strong>Link zu den Videos<\/strong><\/a><\/p>\n","protected":false},"excerpt":{"rendered":"<p>Mit der&nbsp;SpraySpy\u00ae-Technologie kann eine kosten- und zeitsparende Qualit\u00e4tskontrolle durchgef\u00fchrt werden. Das gibt dem Kunden die Gewissheit, Produkte in konstanter Qualit\u00e4t zu beziehen. Dies gilt sowohl f\u00fcr die \u201eHardware\u201c der Applikationstechnik, insbesondere f\u00fcr D\u00fcsen, als auch f\u00fcr die applizierten Materialien (z.B. Lackchargen). Die Qualit\u00e4tskontrolle kann offline, nach der Herstellung der Produkte, oder inline, w\u00e4hrend des Produktionsprozesses, &#8230; <a title=\"Anwendungsbeispiel: Qualit\u00e4tskontrolle f\u00fcr D\u00fcsen\" class=\"read-more\" href=\"https:\/\/www.aom-systems.com\/de\/?page_id=1038\" aria-label=\"Mehr Informationen \u00fcber Anwendungsbeispiel: Qualit\u00e4tskontrolle f\u00fcr D\u00fcsen\">Read more<\/a><\/p>\n","protected":false},"author":1,"featured_media":0,"parent":199,"menu_order":3,"comment_status":"closed","ping_status":"closed","template":"","meta":{"footnotes":""},"class_list":["post-1038","page","type-page","status-publish"],"_links":{"self":[{"href":"https:\/\/www.aom-systems.com\/de\/index.php?rest_route=\/wp\/v2\/pages\/1038","targetHints":{"allow":["GET"]}}],"collection":[{"href":"https:\/\/www.aom-systems.com\/de\/index.php?rest_route=\/wp\/v2\/pages"}],"about":[{"href":"https:\/\/www.aom-systems.com\/de\/index.php?rest_route=\/wp\/v2\/types\/page"}],"author":[{"embeddable":true,"href":"https:\/\/www.aom-systems.com\/de\/index.php?rest_route=\/wp\/v2\/users\/1"}],"replies":[{"embeddable":true,"href":"https:\/\/www.aom-systems.com\/de\/index.php?rest_route=%2Fwp%2Fv2%2Fcomments&post=1038"}],"version-history":[{"count":0,"href":"https:\/\/www.aom-systems.com\/de\/index.php?rest_route=\/wp\/v2\/pages\/1038\/revisions"}],"up":[{"embeddable":true,"href":"https:\/\/www.aom-systems.com\/de\/index.php?rest_route=\/wp\/v2\/pages\/199"}],"wp:attachment":[{"href":"https:\/\/www.aom-systems.com\/de\/index.php?rest_route=%2Fwp%2Fv2%2Fmedia&parent=1038"}],"curies":[{"name":"wp","href":"https:\/\/api.w.org\/{rel}","templated":true}]}}