{"id":1339,"date":"2016-12-23T10:57:12","date_gmt":"2016-12-23T09:57:12","guid":{"rendered":"https:\/\/www.aom-systems.com\/de\/?page_id=1339"},"modified":"2023-10-05T13:59:19","modified_gmt":"2023-10-05T11:59:19","slug":"anwendungsbeispiel-dusenlanzen-vermessung","status":"publish","type":"page","link":"https:\/\/www.aom-systems.com\/de\/?page_id=1339","title":{"rendered":"Anwendungsbeispiel: Spr\u00fch- und Duesenlanzen Vermessung"},"content":{"rendered":"\n<p>Spr\u00fchlanzen oder D\u00fcsenlanzen werden in verschiedenen Industrien genutzt \u2013 zum Beispiel in der Chemieindustrie, in der pharmazeutischen Produktion sowie in Kraftwerken. Aufgabe der D\u00fcsen ist das Einspritzen gr\u00f6\u00dferer Mengen von Fl\u00fcssigkeiten in den Produktionsprozess oder, bei Kraftwerken, in den Verbrennungsprozess.<\/p>\n\n\n\n<p>Die exakte Kenntnis des Tropfenspektrum der Lanze ist sowohl f\u00fcr den Entwickler als auch f\u00fcr den Anwender erfolgskritisch. Daher bieten wir die Vermessung und Zertifizierung von D\u00fcsenlanzen an \u2013 und bieten Ihnen einen besonderen Vorteil. Denn mit den meisten \u00fcblichen Messverfahren ist die Vermessung von dichten Sprays, wie sie von Spraylanzen erzeugt werden, schwer oder gar nicht m\u00f6glich.&nbsp;SpraySpy<sup>\u00ae<\/sup>&nbsp;hingegen kann aufgrund der Anordnung in R\u00fcckstreuung auch dichte Sprays vermessen.<\/p>\n\n\n\n<p><strong>Anwendungsbeispiel:<\/strong><\/p>\n\n\n\n<p><strong>Vermessung einer Spr\u00fch- \/ D\u00fcsenlanze bei der BASF SE.<\/strong><\/p>\n\n\n<div class=\"wp-block-image\">\n<figure class=\"aligncenter\"><img decoding=\"async\" width=\"300\" height=\"153\" data-src=\"https:\/\/www.aom-systems.com\/de\/wp-content\/uploads\/2012\/12\/Spr\u00fchlanze_vorschau-300x153.jpg\" alt=\"\" class=\"wp-image-1503 lazyload\" data-srcset=\"https:\/\/www.aom-systems.com\/de\/wp-content\/uploads\/2012\/12\/Spr\u00fchlanze_vorschau.jpg 300w, https:\/\/www.aom-systems.com\/de\/wp-content\/uploads\/2012\/12\/Spr\u00fchlanze_vorschau-80x41.jpg 80w, https:\/\/www.aom-systems.com\/de\/wp-content\/uploads\/2012\/12\/Spr\u00fchlanze_vorschau-130x66.jpg 130w\" data-sizes=\"(max-width: 300px) 100vw, 300px\" src=\"data:image\/svg+xml;base64,PHN2ZyB3aWR0aD0iMSIgaGVpZ2h0PSIxIiB4bWxucz0iaHR0cDovL3d3dy53My5vcmcvMjAwMC9zdmciPjwvc3ZnPg==\" style=\"--smush-placeholder-width: 300px; --smush-placeholder-aspect-ratio: 300\/153;\" \/><\/figure>\n<\/div>","protected":false},"excerpt":{"rendered":"<p>Spr\u00fchlanzen oder D\u00fcsenlanzen werden in verschiedenen Industrien genutzt \u2013 zum Beispiel in der Chemieindustrie, in der pharmazeutischen Produktion sowie in Kraftwerken. Aufgabe der D\u00fcsen ist das Einspritzen gr\u00f6\u00dferer Mengen von Fl\u00fcssigkeiten in den Produktionsprozess oder, bei Kraftwerken, in den Verbrennungsprozess. Die exakte Kenntnis des Tropfenspektrum der Lanze ist sowohl f\u00fcr den Entwickler als auch f\u00fcr &#8230; <a title=\"Anwendungsbeispiel: Spr\u00fch- und Duesenlanzen Vermessung\" class=\"read-more\" href=\"https:\/\/www.aom-systems.com\/de\/?page_id=1339\" aria-label=\"Mehr Informationen \u00fcber Anwendungsbeispiel: Spr\u00fch- und Duesenlanzen Vermessung\">Read more<\/a><\/p>\n","protected":false},"author":1,"featured_media":0,"parent":199,"menu_order":5,"comment_status":"closed","ping_status":"closed","template":"","meta":{"footnotes":""},"class_list":["post-1339","page","type-page","status-publish"],"_links":{"self":[{"href":"https:\/\/www.aom-systems.com\/de\/index.php?rest_route=\/wp\/v2\/pages\/1339","targetHints":{"allow":["GET"]}}],"collection":[{"href":"https:\/\/www.aom-systems.com\/de\/index.php?rest_route=\/wp\/v2\/pages"}],"about":[{"href":"https:\/\/www.aom-systems.com\/de\/index.php?rest_route=\/wp\/v2\/types\/page"}],"author":[{"embeddable":true,"href":"https:\/\/www.aom-systems.com\/de\/index.php?rest_route=\/wp\/v2\/users\/1"}],"replies":[{"embeddable":true,"href":"https:\/\/www.aom-systems.com\/de\/index.php?rest_route=%2Fwp%2Fv2%2Fcomments&post=1339"}],"version-history":[{"count":0,"href":"https:\/\/www.aom-systems.com\/de\/index.php?rest_route=\/wp\/v2\/pages\/1339\/revisions"}],"up":[{"embeddable":true,"href":"https:\/\/www.aom-systems.com\/de\/index.php?rest_route=\/wp\/v2\/pages\/199"}],"wp:attachment":[{"href":"https:\/\/www.aom-systems.com\/de\/index.php?rest_route=%2Fwp%2Fv2%2Fmedia&parent=1339"}],"curies":[{"name":"wp","href":"https:\/\/api.w.org\/{rel}","templated":true}]}}