{"id":15629,"date":"2021-05-30T14:08:16","date_gmt":"2021-05-30T13:08:16","guid":{"rendered":"https:\/\/botanist.wordifysites.com\/?page_id=2"},"modified":"2025-07-25T13:01:59","modified_gmt":"2025-07-25T11:01:59","slug":"home-2","status":"publish","type":"page","link":"https:\/\/www.aom-systems.com\/de\/","title":{"rendered":"Home"},"content":{"rendered":"<section class=\"gb-container gb-container-a9ea7acb\" id=\"mehrerfahren\">\n\n<h2 class=\"wp-block-heading has-text-align-center\">SPRAYSPY<sup>\u00ae<\/sup> &#8211; ANALYSE, \u00dcBERWACHUNG <br>UND DIGITALISIERUNG VON SPRAYS<\/h2>\n\n\n\n<p class=\"has-text-align-left\">Auf Basis der patentierten SpraySpy<sup>\u00ae<\/sup>-Technologie stellen wir Messger\u00e4te und \u00dcberwachungssysteme f\u00fcr intelligente Sprays her.<\/p>\n\n\n\n<p class=\"has-text-align-left\">Mit Hilfe fortschrittlicher optischer Messverfahren und selbstlernender Software-Algorithmen entwickeln wir Hightech-Messger\u00e4te und Sensoren. Diese Ger\u00e4te kommen in der Forschung und Entwicklung von Sprays sowie in der Qualit\u00e4tskontrolle und der Prozessautomation von Spraybasierten Produktionsprozessen zum Einsatz.<\/p>\n\n<\/section>\n\n<section class=\"gb-container gb-container-cc6e32b1\">\n\n<h2 class=\"wp-block-heading has-text-align-center\">Unsere Produkte:<\/h2>\n\n\n\n<ul class=\"wp-block-list\">\n<li><a href=\"https:\/\/www.aom-systems.com\/de\/?page_id=2522\">SpraySpy<sup>\u00ae<\/sup> LabLine<\/a>: Tropfen- \/ Spray-Messger\u00e4te f\u00fcr Laboranwendungen<\/li>\n\n\n\n<li><a href=\"https:\/\/www.aom-systems.com\/de\/?page_id=2630\">SpraySpy<sup>\u00ae<\/sup> ProcessLine<\/a>: Spray-Messtechnologie f\u00fcr die Produktions\u00ad\u00fcberwachung, Prozessautomation und Digitalisierung von Beschichtungsprozessen<\/li>\n<\/ul>\n\n\n\n<figure class=\"wp-block-image size-full\"><img decoding=\"async\" width=\"600\" height=\"351\" data-src=\"https:\/\/www.aom-systems.com\/de\/wp-content\/uploads\/2020\/05\/PL100_Transp.png\" alt=\"\" class=\"wp-image-4177 lazyload\" data-srcset=\"https:\/\/www.aom-systems.com\/de\/wp-content\/uploads\/2020\/05\/PL100_Transp.png 600w, https:\/\/www.aom-systems.com\/de\/wp-content\/uploads\/2020\/05\/PL100_Transp-300x176.png 300w, https:\/\/www.aom-systems.com\/de\/wp-content\/uploads\/2020\/05\/PL100_Transp-335x196.png 335w, https:\/\/www.aom-systems.com\/de\/wp-content\/uploads\/2020\/05\/PL100_Transp-80x47.png 80w, https:\/\/www.aom-systems.com\/de\/wp-content\/uploads\/2020\/05\/PL100_Transp-130x76.png 130w\" data-sizes=\"(max-width: 600px) 100vw, 600px\" src=\"data:image\/svg+xml;base64,PHN2ZyB3aWR0aD0iMSIgaGVpZ2h0PSIxIiB4bWxucz0iaHR0cDovL3d3dy53My5vcmcvMjAwMC9zdmciPjwvc3ZnPg==\" style=\"--smush-placeholder-width: 600px; --smush-placeholder-aspect-ratio: 600\/351;\" \/><\/figure>\n\n<\/section>\n\n<section class=\"gb-container gb-container-c8257b33\">\n\n<h2 class=\"wp-block-heading has-text-align-center\">Die SpraySpy<sup>\u00ae<\/sup>-Messtechnologie<\/h2>\n\n\n\n<p>Der SpraySpy<sup>\u00ae<\/sup> nutzt eine patentierte laserbasierte Messtechnologie, welche die Spray-Parameter jedes einzelnen Tropfens im Spray individuell ermittelt. Daraus ergibt sich ein aufschlussreicher \u201eBlick ins Spray\u201c, welchen wir entweder zur Charakterisierung der Zerst\u00e4ubung oder, mittels der SprayKI<sup>\u00ae<\/sup>, zur Detektion und der Regelung von Abweichungen im Spray sowie zur Digitalisierung des Beschichtungsprozesses nutzen.<\/p>\n\n<\/section>\n\n<section class=\"gb-container gb-container-70fb6333\">\n\n<h2 class=\"wp-block-heading has-text-align-center\">SpraySpy<sup>\u00ae<\/sup> Messung als Dienstleistung<\/h2>\n\n\n\n<p class=\"has-text-align-left\">Selbstverst\u00e4ndlich bieten wir Ihnen unsere Technologie auch im Rahmen einer Auftragsmessung als Dienstleistung an.<\/p>\n\n<\/section>\n\n<section class=\"gb-container gb-container-d2781620\">\n\n<h2 class=\"wp-block-heading has-text-align-center\">SpraySpy<sup>\u00ae<\/sup> Weltweit<\/h2>\n\n\n\n<figure class=\"wp-block-image size-large\"><img decoding=\"async\" data-src=\"https:\/\/www.aom-systems.com\/de\/wp-content\/uploads\/2025\/03\/Weltkarte-106_2025.png\" alt=\"\" src=\"data:image\/svg+xml;base64,PHN2ZyB3aWR0aD0iMSIgaGVpZ2h0PSIxIiB4bWxucz0iaHR0cDovL3d3dy53My5vcmcvMjAwMC9zdmciPjwvc3ZnPg==\" class=\"lazyload\" style=\"--smush-placeholder-width: 1000px; --smush-placeholder-aspect-ratio: 1000\/530;\" \/><\/figure>\n\n<\/section>\n\n<section class=\"gb-container gb-container-b7d5032b\">\n\n<p class=\"has-text-align-center\">Die SpraySpy<sup>\u00ae<\/sup>-Technologie wurde von der AOM-Systems GmbH entwickelt.<\/p>\n\n\n\n<p class=\"has-text-align-center\"><strong>&#8222;AOM-Systems &#8211; <em>Your Partner for Smart Sprays<\/em>&#8222;<\/strong><\/p>\n\n<\/section>\n\n<section class=\"gb-container gb-container-fb3a1d4c\">\n\n<h2 class=\"gb-headline gb-headline-c9374ff8 gb-headline-text\">Neuigkeiten<\/h2>\n\n\n\n<div class=\"gb-grid-wrapper gb-grid-wrapper-fd58b7d7 gb-query-loop-wrapper\">\n<div class=\"gb-grid-column gb-grid-column-83d309b6 gb-query-loop-item post-28834 post type-post status-publish format-standard has-post-thumbnail hentry category-fachmedien category-neuigkeiten\"><div class=\"gb-container gb-container-83d309b6\">\n<figure class=\"gb-block-image gb-block-image-74a597dc\"><a href=\"https:\/\/www.aom-systems.com\/de\/wp-content\/uploads\/2026\/05\/ven_q.png\"><img decoding=\"async\" width=\"300\" height=\"300\" data-src=\"https:\/\/www.aom-systems.com\/de\/wp-content\/uploads\/2026\/05\/ven_q.png\" class=\"gb-image-74a597dc lazyload\" alt=\"\" data-srcset=\"https:\/\/www.aom-systems.com\/de\/wp-content\/uploads\/2026\/05\/ven_q.png 300w, https:\/\/www.aom-systems.com\/de\/wp-content\/uploads\/2026\/05\/ven_q-150x150.png 150w\" data-sizes=\"(max-width: 300px) 100vw, 300px\" src=\"data:image\/svg+xml;base64,PHN2ZyB3aWR0aD0iMSIgaGVpZ2h0PSIxIiB4bWxucz0iaHR0cDovL3d3dy53My5vcmcvMjAwMC9zdmciPjwvc3ZnPg==\" style=\"--smush-placeholder-width: 300px; --smush-placeholder-aspect-ratio: 300\/300;\" \/><\/a><\/figure>\n\n<div class=\"gb-container gb-container-273fe94c\">\n<h3 class=\"gb-headline gb-headline-9649337d gb-headline-text\"><a href=\"https:\/\/www.aom-systems.com\/de\/?p=28834\">Application Note: Ventherm \u00fcber SpraySpy<\/a><\/h3>\n\n<a class=\"gb-button gb-button-7aa87159 gb-button-text\" href=\"https:\/\/www.aom-systems.com\/de\/?p=28834\">Read more<\/a>\n<\/div>\n<\/div><\/div>\n\n<div class=\"gb-grid-column gb-grid-column-83d309b6 gb-query-loop-item post-27819 post type-post status-publish format-standard has-post-thumbnail hentry category-fachmedien category-neuigkeiten\"><div class=\"gb-container gb-container-83d309b6\">\n<figure class=\"gb-block-image gb-block-image-74a597dc\"><a href=\"https:\/\/www.aom-systems.com\/de\/wp-content\/uploads\/2026\/03\/Cover.png\"><img decoding=\"async\" width=\"250\" height=\"250\" data-src=\"https:\/\/www.aom-systems.com\/de\/wp-content\/uploads\/2026\/03\/Cover.png\" class=\"gb-image-74a597dc lazyload\" alt=\"\" data-srcset=\"https:\/\/www.aom-systems.com\/de\/wp-content\/uploads\/2026\/03\/Cover.png 250w, https:\/\/www.aom-systems.com\/de\/wp-content\/uploads\/2026\/03\/Cover-150x150.png 150w\" data-sizes=\"(max-width: 250px) 100vw, 250px\" src=\"data:image\/svg+xml;base64,PHN2ZyB3aWR0aD0iMSIgaGVpZ2h0PSIxIiB4bWxucz0iaHR0cDovL3d3dy53My5vcmcvMjAwMC9zdmciPjwvc3ZnPg==\" style=\"--smush-placeholder-width: 250px; --smush-placeholder-aspect-ratio: 250\/250;\" \/><\/a><\/figure>\n\n<div class=\"gb-container gb-container-273fe94c\">\n<h3 class=\"gb-headline gb-headline-9649337d gb-headline-text\"><a href=\"https:\/\/www.aom-systems.com\/de\/?p=27819\">JOT Bericht: K\u00fcnstliche Intelligenz vermeidet Lackierfehler<\/a><\/h3>\n\n<a class=\"gb-button gb-button-7aa87159 gb-button-text\" href=\"https:\/\/www.aom-systems.com\/de\/?p=27819\">Read more<\/a>\n<\/div>\n<\/div><\/div>\n\n<div class=\"gb-grid-column gb-grid-column-83d309b6 gb-query-loop-item post-27244 post type-post status-publish format-standard has-post-thumbnail hentry category-neuigkeiten\"><div class=\"gb-container gb-container-83d309b6\">\n<figure class=\"gb-block-image gb-block-image-74a597dc\"><a href=\"https:\/\/www.aom-systems.com\/de\/wp-content\/uploads\/2024\/02\/Paint-expo-logo-small-1.jpg\"><img decoding=\"async\" width=\"250\" height=\"295\" data-src=\"https:\/\/www.aom-systems.com\/de\/wp-content\/uploads\/2024\/02\/Paint-expo-logo-small-1.jpg\" class=\"gb-image-74a597dc lazyload\" alt=\"\" src=\"data:image\/svg+xml;base64,PHN2ZyB3aWR0aD0iMSIgaGVpZ2h0PSIxIiB4bWxucz0iaHR0cDovL3d3dy53My5vcmcvMjAwMC9zdmciPjwvc3ZnPg==\" style=\"--smush-placeholder-width: 250px; --smush-placeholder-aspect-ratio: 250\/295;\" \/><\/a><\/figure>\n\n<div class=\"gb-container gb-container-273fe94c\">\n<h3 class=\"gb-headline gb-headline-9649337d gb-headline-text\"><a href=\"https:\/\/www.aom-systems.com\/de\/?p=27244\">Messe: PaintExpo 2026<\/a><\/h3>\n\n<a class=\"gb-button gb-button-7aa87159 gb-button-text\" href=\"https:\/\/www.aom-systems.com\/de\/?p=27244\">Read more<\/a>\n<\/div>\n<\/div><\/div>\n<\/div>\n\n\n\n<p><strong><a href=\"https:\/\/www.aom-systems.com\/de\/?page_id=83\">Alle Beitr\u00e4ge ansehen<\/a><\/strong><\/p>\n\n<\/section>\n\n\n<p><\/p>\n","protected":false},"excerpt":{"rendered":"<p>SPRAYSPY\u00ae &#8211; ANALYSE, \u00dcBERWACHUNG UND DIGITALISIERUNG VON SPRAYS Auf Basis der patentierten SpraySpy\u00ae-Technologie stellen wir Messger\u00e4te und \u00dcberwachungssysteme f\u00fcr intelligente Sprays her. Mit Hilfe fortschrittlicher optischer Messverfahren und selbstlernender Software-Algorithmen entwickeln wir Hightech-Messger\u00e4te und Sensoren. Diese Ger\u00e4te kommen in der Forschung und Entwicklung von Sprays sowie in der Qualit\u00e4tskontrolle und der Prozessautomation von Spraybasierten Produktionsprozessen &#8230; <a title=\"Home\" class=\"read-more\" href=\"https:\/\/www.aom-systems.com\/de\/\" aria-label=\"Mehr Informationen \u00fcber Home\">Read more<\/a><\/p>\n","protected":false},"author":1,"featured_media":0,"parent":0,"menu_order":0,"comment_status":"closed","ping_status":"open","template":"","meta":{"footnotes":""},"class_list":["post-15629","page","type-page","status-publish"],"_links":{"self":[{"href":"https:\/\/www.aom-systems.com\/de\/index.php?rest_route=\/wp\/v2\/pages\/15629","targetHints":{"allow":["GET"]}}],"collection":[{"href":"https:\/\/www.aom-systems.com\/de\/index.php?rest_route=\/wp\/v2\/pages"}],"about":[{"href":"https:\/\/www.aom-systems.com\/de\/index.php?rest_route=\/wp\/v2\/types\/page"}],"author":[{"embeddable":true,"href":"https:\/\/www.aom-systems.com\/de\/index.php?rest_route=\/wp\/v2\/users\/1"}],"replies":[{"embeddable":true,"href":"https:\/\/www.aom-systems.com\/de\/index.php?rest_route=%2Fwp%2Fv2%2Fcomments&post=15629"}],"version-history":[{"count":0,"href":"https:\/\/www.aom-systems.com\/de\/index.php?rest_route=\/wp\/v2\/pages\/15629\/revisions"}],"wp:attachment":[{"href":"https:\/\/www.aom-systems.com\/de\/index.php?rest_route=%2Fwp%2Fv2%2Fmedia&parent=15629"}],"curies":[{"name":"wp","href":"https:\/\/api.w.org\/{rel}","templated":true}]}}