{"id":199,"date":"2012-12-14T16:43:46","date_gmt":"2012-12-14T15:43:46","guid":{"rendered":"http:\/\/aom-systems.de\/wordpress\/?page_id=199"},"modified":"2023-10-11T07:08:11","modified_gmt":"2023-10-11T05:08:11","slug":"category-2","status":"publish","type":"page","link":"https:\/\/www.aom-systems.com\/de\/?page_id=199","title":{"rendered":"Anwendungsbeispiele zu SpraySpy<sup>\u00ae<\/sup>"},"content":{"rendered":"\n<h3 class=\"wp-block-heading\"><a href=\"https:\/\/www.aom-systems.com\/de\/?page_id=567\">Anwendung: Spritzlackierung in der Automobil-Industrie<\/a><\/h3>\n\n\n<div class=\"wp-block-image\">\n<figure class=\"aligncenter\"><img decoding=\"async\" width=\"300\" height=\"175\" data-src=\"https:\/\/www.aom-systems.com\/de\/wp-content\/uploads\/2019\/01\/SpraySpy_Saturn_2019_web_s-300x175.jpg\" alt=\"\" class=\"wp-image-2421 lazyload\" data-srcset=\"https:\/\/www.aom-systems.com\/de\/wp-content\/uploads\/2019\/01\/SpraySpy_Saturn_2019_web_s-300x175.jpg 300w, https:\/\/www.aom-systems.com\/de\/wp-content\/uploads\/2019\/01\/SpraySpy_Saturn_2019_web_s-335x195.jpg 335w, https:\/\/www.aom-systems.com\/de\/wp-content\/uploads\/2019\/01\/SpraySpy_Saturn_2019_web_s-80x47.jpg 80w, https:\/\/www.aom-systems.com\/de\/wp-content\/uploads\/2019\/01\/SpraySpy_Saturn_2019_web_s-130x76.jpg 130w, https:\/\/www.aom-systems.com\/de\/wp-content\/uploads\/2019\/01\/SpraySpy_Saturn_2019_web_s.jpg 500w\" data-sizes=\"(max-width: 300px) 100vw, 300px\" src=\"data:image\/svg+xml;base64,PHN2ZyB3aWR0aD0iMSIgaGVpZ2h0PSIxIiB4bWxucz0iaHR0cDovL3d3dy53My5vcmcvMjAwMC9zdmciPjwvc3ZnPg==\" style=\"--smush-placeholder-width: 300px; --smush-placeholder-aspect-ratio: 300\/175;\" \/><\/figure>\n<\/div>\n\n\n<div style=\"height:25px\" aria-hidden=\"true\" class=\"wp-block-spacer\"><\/div>\n\n\n\n<p>SpraySpy<sup>\u00ae<\/sup>&nbsp;\u2013 Entwickelt speziell f\u00fcr die Messung von Spritzlackierungen und Spr\u00fchprozessen.<\/p>\n\n\n\n<p><a href=\"https:\/\/www.aom-systems.com\/de\/?page_id=567\">Link zum Beispiel<\/a><\/p>\n\n\n\n<h3 class=\"wp-block-heading\"><a href=\"https:\/\/www.aom-systems.com\/de\/?page_id=2120\">Anwendung: Digitales Spritzbild f\u00fcr die Qualit\u00e4tskontrolle<\/a><\/h3>\n\n\n<div class=\"wp-block-image\">\n<figure class=\"aligncenter\"><img decoding=\"async\" width=\"300\" height=\"180\" data-src=\"https:\/\/www.aom-systems.com\/de\/wp-content\/uploads\/2018\/05\/DSP_schemata-300x180.jpg\" alt=\"\" class=\"wp-image-2125 lazyload\" data-srcset=\"https:\/\/www.aom-systems.com\/de\/wp-content\/uploads\/2018\/05\/DSP_schemata-300x180.jpg 300w, https:\/\/www.aom-systems.com\/de\/wp-content\/uploads\/2018\/05\/DSP_schemata-335x201.jpg 335w, https:\/\/www.aom-systems.com\/de\/wp-content\/uploads\/2018\/05\/DSP_schemata-80x48.jpg 80w, https:\/\/www.aom-systems.com\/de\/wp-content\/uploads\/2018\/05\/DSP_schemata-130x78.jpg 130w, https:\/\/www.aom-systems.com\/de\/wp-content\/uploads\/2018\/05\/DSP_schemata.jpg 500w\" data-sizes=\"(max-width: 300px) 100vw, 300px\" src=\"data:image\/svg+xml;base64,PHN2ZyB3aWR0aD0iMSIgaGVpZ2h0PSIxIiB4bWxucz0iaHR0cDovL3d3dy53My5vcmcvMjAwMC9zdmciPjwvc3ZnPg==\" style=\"--smush-placeholder-width: 300px; --smush-placeholder-aspect-ratio: 300\/180;\" \/><\/figure>\n<\/div>\n\n\n<div style=\"height:25px\" aria-hidden=\"true\" class=\"wp-block-spacer\"><\/div>\n\n\n\n<p>Das digitale Spritzbild ist eine ebenso unkomplizierte wie praxisgerechte Unterst\u00fctzung f\u00fcr die Mitarbeiter der Qualit\u00e4tskontrolle.<\/p>\n\n\n\n<p><a href=\"https:\/\/www.aom-systems.com\/de\/?page_id=2120\">Link zum Beispiel<\/a><\/p>\n\n\n\n<h3 class=\"wp-block-heading\"><a href=\"https:\/\/www.aom-systems.com\/de\/?page_id=1038\">Anwendung: Qualit\u00e4tssicherung zum Beispiel f\u00fcr die Produktion von D\u00fcsen oder Lackchargen<strong>\u00a0<\/strong><\/a><\/h3>\n\n\n<div class=\"wp-block-image\">\n<figure class=\"aligncenter\"><img decoding=\"async\" width=\"300\" height=\"169\" data-src=\"https:\/\/www.aom-systems.com\/de\/wp-content\/uploads\/2019\/10\/SS_Quality_monitoring-300x169.jpg\" alt=\"\" class=\"wp-image-3600 lazyload\" data-srcset=\"https:\/\/www.aom-systems.com\/de\/wp-content\/uploads\/2019\/10\/SS_Quality_monitoring-300x169.jpg 300w, https:\/\/www.aom-systems.com\/de\/wp-content\/uploads\/2019\/10\/SS_Quality_monitoring-768x433.jpg 768w, https:\/\/www.aom-systems.com\/de\/wp-content\/uploads\/2019\/10\/SS_Quality_monitoring-335x189.jpg 335w, https:\/\/www.aom-systems.com\/de\/wp-content\/uploads\/2019\/10\/SS_Quality_monitoring-80x45.jpg 80w, https:\/\/www.aom-systems.com\/de\/wp-content\/uploads\/2019\/10\/SS_Quality_monitoring-130x73.jpg 130w, https:\/\/www.aom-systems.com\/de\/wp-content\/uploads\/2019\/10\/SS_Quality_monitoring.jpg 835w\" data-sizes=\"(max-width: 300px) 100vw, 300px\" src=\"data:image\/svg+xml;base64,PHN2ZyB3aWR0aD0iMSIgaGVpZ2h0PSIxIiB4bWxucz0iaHR0cDovL3d3dy53My5vcmcvMjAwMC9zdmciPjwvc3ZnPg==\" style=\"--smush-placeholder-width: 300px; --smush-placeholder-aspect-ratio: 300\/169;\" \/><\/figure>\n<\/div>\n\n\n<div style=\"height:25px\" aria-hidden=\"true\" class=\"wp-block-spacer\"><\/div>\n\n\n\n<p>Das gemeinsam mit der TU Darmstadt und der Firma LacTec entwickelte mathematische Modell hilft bei der schnellen Identifikation von Fehlern im Spr\u00fchprozess oder der D\u00fcsenproduktion.<\/p>\n\n\n\n<p><a href=\"https:\/\/www.aom-systems.com\/de\/?page_id=1038\">Link zum Beispiel<\/a><\/p>\n\n\n\n<h3 class=\"wp-block-heading\"><a href=\"https:\/\/www.aom-systems.com\/de\/?page_id=1675\">Anwendung: Vermessung von D\u00fcsen<\/a><\/h3>\n\n\n<div class=\"wp-block-image\">\n<figure class=\"aligncenter\"><a href=\"https:\/\/www.aom-systems.com\/de\/?page_id=1675\"><img decoding=\"async\" width=\"150\" height=\"150\" data-src=\"https:\/\/www.aom-systems.com\/de\/wp-content\/uploads\/2017\/05\/Falschfarbenbild-150x150.png\" alt=\"\" class=\"wp-image-1676 lazyload\" src=\"data:image\/svg+xml;base64,PHN2ZyB3aWR0aD0iMSIgaGVpZ2h0PSIxIiB4bWxucz0iaHR0cDovL3d3dy53My5vcmcvMjAwMC9zdmciPjwvc3ZnPg==\" style=\"--smush-placeholder-width: 150px; --smush-placeholder-aspect-ratio: 150\/150;\" \/><\/a><\/figure>\n<\/div>\n\n<div class=\"wp-block-image\">\n<figure class=\"aligncenter\"><a href=\"https:\/\/www.aom-systems.com\/de\/?page_id=1675\"><img decoding=\"async\" width=\"150\" height=\"150\" data-src=\"https:\/\/www.aom-systems.com\/de\/wp-content\/uploads\/2018\/05\/Digital-spray-pattern-beispiel-e1573805363925-150x150.jpg\" alt=\"\" class=\"wp-image-2114 lazyload\" src=\"data:image\/svg+xml;base64,PHN2ZyB3aWR0aD0iMSIgaGVpZ2h0PSIxIiB4bWxucz0iaHR0cDovL3d3dy53My5vcmcvMjAwMC9zdmciPjwvc3ZnPg==\" style=\"--smush-placeholder-width: 150px; --smush-placeholder-aspect-ratio: 150\/150;\" \/><\/a><\/figure>\n<\/div>\n\n\n<div style=\"height:25px\" aria-hidden=\"true\" class=\"wp-block-spacer\"><\/div>\n\n\n\n<p>Einspritzd\u00fcsen zum Beispiel f\u00fcr AdBlue k\u00f6nnen mit&nbsp;SpraySpy<sup>\u00ae<\/sup>&nbsp;ortsaufgel\u00f6st vermessen werden. Besonders f\u00fcr numerische Simulationen und generell f\u00fcr F&amp;E-Projekte bilden diese Daten eine wichtige Arbeitsgrundlage.&nbsp;SpraySpy<strong><sup>\u00ae<\/sup><\/strong>&nbsp;l\u00e4sst sich f\u00fcr diese Anwendungen mit einer Verfahreinheit koppeln, so dass Messungen vollautomatisch durchgef\u00fchrt werden k\u00f6nnen.&nbsp;<\/p>\n\n\n\n<p><a href=\"https:\/\/www.aom-systems.com\/de\/?page_id=1675\">Link zum Beispiel<\/a><\/p>\n\n\n\n<h3 class=\"wp-block-heading\"><a href=\"https:\/\/www.aom-systems.com\/de\/?page_id=1339\">Anwendung: Vermessung von Spr\u00fch- &amp; D\u00fcsenlanzen<\/a><\/h3>\n\n\n<div class=\"wp-block-image\">\n<figure class=\"aligncenter\"><img decoding=\"async\" width=\"300\" height=\"225\" data-src=\"https:\/\/www.aom-systems.com\/de\/wp-content\/uploads\/2016\/07\/M31_II-300x225.jpg\" alt=\"\" class=\"wp-image-1342 lazyload\" src=\"data:image\/svg+xml;base64,PHN2ZyB3aWR0aD0iMSIgaGVpZ2h0PSIxIiB4bWxucz0iaHR0cDovL3d3dy53My5vcmcvMjAwMC9zdmciPjwvc3ZnPg==\" style=\"--smush-placeholder-width: 300px; --smush-placeholder-aspect-ratio: 300\/225;\" \/><\/figure>\n<\/div>\n\n\n<div style=\"height:25px\" aria-hidden=\"true\" class=\"wp-block-spacer\"><\/div>\n\n\n\n<p>Wegen der Messanordnung im R\u00fcckstreuverfahren kann&nbsp;SpraySpy<strong><sup>\u00ae<\/sup><\/strong>&nbsp;kann auch besonders dichte Sprays zum Beispiel von Spr\u00fchlanzen f\u00fcr Einspritzvorg\u00e4nge vermessen.<\/p>\n\n\n\n<p><a href=\"https:\/\/www.aom-systems.com\/de\/?page_id=1339\">Link zum Beispiel<\/a><\/p>\n","protected":false},"excerpt":{"rendered":"<p>Anwendung: Spritzlackierung in der Automobil-Industrie SpraySpy\u00ae&nbsp;\u2013 Entwickelt speziell f\u00fcr die Messung von Spritzlackierungen und Spr\u00fchprozessen. Link zum Beispiel Anwendung: Digitales Spritzbild f\u00fcr die Qualit\u00e4tskontrolle Das digitale Spritzbild ist eine ebenso unkomplizierte wie praxisgerechte Unterst\u00fctzung f\u00fcr die Mitarbeiter der Qualit\u00e4tskontrolle. Link zum Beispiel Anwendung: Qualit\u00e4tssicherung zum Beispiel f\u00fcr die Produktion von D\u00fcsen oder Lackchargen\u00a0 Das gemeinsam &#8230; <a title=\"Anwendungsbeispiele zu SpraySpy\u00ae\" class=\"read-more\" href=\"https:\/\/www.aom-systems.com\/de\/?page_id=199\" aria-label=\"Mehr Informationen \u00fcber Anwendungsbeispiele zu SpraySpy\u00ae\">Read more<\/a><\/p>\n","protected":false},"author":1,"featured_media":0,"parent":0,"menu_order":4,"comment_status":"closed","ping_status":"closed","template":"","meta":{"footnotes":""},"class_list":["post-199","page","type-page","status-publish"],"_links":{"self":[{"href":"https:\/\/www.aom-systems.com\/de\/index.php?rest_route=\/wp\/v2\/pages\/199","targetHints":{"allow":["GET"]}}],"collection":[{"href":"https:\/\/www.aom-systems.com\/de\/index.php?rest_route=\/wp\/v2\/pages"}],"about":[{"href":"https:\/\/www.aom-systems.com\/de\/index.php?rest_route=\/wp\/v2\/types\/page"}],"author":[{"embeddable":true,"href":"https:\/\/www.aom-systems.com\/de\/index.php?rest_route=\/wp\/v2\/users\/1"}],"replies":[{"embeddable":true,"href":"https:\/\/www.aom-systems.com\/de\/index.php?rest_route=%2Fwp%2Fv2%2Fcomments&post=199"}],"version-history":[{"count":0,"href":"https:\/\/www.aom-systems.com\/de\/index.php?rest_route=\/wp\/v2\/pages\/199\/revisions"}],"wp:attachment":[{"href":"https:\/\/www.aom-systems.com\/de\/index.php?rest_route=%2Fwp%2Fv2%2Fmedia&parent=199"}],"curies":[{"name":"wp","href":"https:\/\/api.w.org\/{rel}","templated":true}]}}