{"id":2077,"date":"2018-04-27T14:30:07","date_gmt":"2018-04-27T12:30:07","guid":{"rendered":"https:\/\/www.aom-systems.com\/de\/?page_id=2077"},"modified":"2023-10-05T14:08:33","modified_gmt":"2023-10-05T12:08:33","slug":"poster-flyer","status":"publish","type":"page","link":"https:\/\/www.aom-systems.com\/de\/?page_id=2077","title":{"rendered":"Poster &#038; Flyer"},"content":{"rendered":"\n<p>AOM-Systems legt gro\u00dfen Wert auf die Erforschung verschiedener Spray- &amp; Messtechnischer Ph\u00e4nomene.<\/p>\n\n\n\n<p>Auf dieser Seite k\u00f6nnen Poster (zum Beispiel von Konferenzen) oder auch Flyer zu bestimmten Themen heruntergeladen werden.<\/p>\n\n\n\n<ul class=\"wp-block-list\">\n<li><a href=\"https:\/\/www.aom-systems.com\/de\/wp-content\/uploads\/2018\/04\/Poster_AOMS_Light_Scattering.pdf\" target=\"_blank\" rel=\"noreferrer noopener\">Poster:&nbsp;<em>\u201eLight Scattering from a Drop with an Embedded Spherical Particle for the Time-Shift Technique\u201c<\/em><\/a><\/li>\n<\/ul>\n\n\n<div class=\"wp-block-image\">\n<figure class=\"aligncenter\"><img decoding=\"async\" width=\"212\" height=\"300\" data-src=\"https:\/\/www.aom-systems.com\/de\/wp-content\/uploads\/2018\/04\/Poster_AOMS_Light_Scattering-1-212x300.jpg\" alt=\"\" class=\"wp-image-2080 lazyload\" data-srcset=\"https:\/\/www.aom-systems.com\/de\/wp-content\/uploads\/2018\/04\/Poster_AOMS_Light_Scattering-1-212x300.jpg 212w, https:\/\/www.aom-systems.com\/de\/wp-content\/uploads\/2018\/04\/Poster_AOMS_Light_Scattering-1-335x474.jpg 335w, https:\/\/www.aom-systems.com\/de\/wp-content\/uploads\/2018\/04\/Poster_AOMS_Light_Scattering-1-80x113.jpg 80w, https:\/\/www.aom-systems.com\/de\/wp-content\/uploads\/2018\/04\/Poster_AOMS_Light_Scattering-1-130x184.jpg 130w, https:\/\/www.aom-systems.com\/de\/wp-content\/uploads\/2018\/04\/Poster_AOMS_Light_Scattering-1.jpg 500w\" data-sizes=\"(max-width: 212px) 100vw, 212px\" src=\"data:image\/svg+xml;base64,PHN2ZyB3aWR0aD0iMSIgaGVpZ2h0PSIxIiB4bWxucz0iaHR0cDovL3d3dy53My5vcmcvMjAwMC9zdmciPjwvc3ZnPg==\" style=\"--smush-placeholder-width: 212px; --smush-placeholder-aspect-ratio: 212\/300;\" \/><\/figure>\n<\/div>\n\n\n<div style=\"height:25px\" aria-hidden=\"true\" class=\"wp-block-spacer\"><\/div>\n\n\n\n<p>Wenn Sie Interesse an einem Flyer (DIN A4) oder einem Poster (DIN A0) Abzug von dieser Ver\u00f6ffentlichung haben, schreiben Sie uns einfach \u00fcber das Kontaktformular an. Umgehend lassen wir Ihnen Ihr pers\u00f6nliches Exemplar zukommen.<\/p>\n\n\n\n<ul class=\"wp-block-list\">\n<li><a href=\"https:\/\/www.aom-systems.com\/de\/wp-content\/uploads\/2019\/02\/Flyer-Digital-Spray-Pattern-Q1-2019_web.jpg\" target=\"_blank\" rel=\"noreferrer noopener\">Poster:&nbsp;<em>\u201eDigital Spray Pattern \u2013 Characterisation in 3-Dimensions\u201c<\/em><\/a><\/li>\n<\/ul>\n\n\n<div class=\"wp-block-image\">\n<figure class=\"aligncenter\"><a href=\"https:\/\/www.aom-systems.com\/de\/wp-content\/uploads\/2019\/02\/Flyer-Digital-Spray-Pattern-Q1-2019_web.jpg\" target=\"_blank\" rel=\"noreferrer noopener\"><img decoding=\"async\" width=\"212\" height=\"300\" data-src=\"https:\/\/www.aom-systems.com\/de\/wp-content\/uploads\/2018\/04\/Poster_AOMS_Digital-Spray-Pattern-212x300.jpg\" alt=\"\" class=\"wp-image-2084 lazyload\" data-srcset=\"https:\/\/www.aom-systems.com\/de\/wp-content\/uploads\/2018\/04\/Poster_AOMS_Digital-Spray-Pattern-212x300.jpg 212w, https:\/\/www.aom-systems.com\/de\/wp-content\/uploads\/2018\/04\/Poster_AOMS_Digital-Spray-Pattern-335x474.jpg 335w, https:\/\/www.aom-systems.com\/de\/wp-content\/uploads\/2018\/04\/Poster_AOMS_Digital-Spray-Pattern-80x113.jpg 80w, https:\/\/www.aom-systems.com\/de\/wp-content\/uploads\/2018\/04\/Poster_AOMS_Digital-Spray-Pattern-130x184.jpg 130w, https:\/\/www.aom-systems.com\/de\/wp-content\/uploads\/2018\/04\/Poster_AOMS_Digital-Spray-Pattern.jpg 500w\" data-sizes=\"(max-width: 212px) 100vw, 212px\" src=\"data:image\/svg+xml;base64,PHN2ZyB3aWR0aD0iMSIgaGVpZ2h0PSIxIiB4bWxucz0iaHR0cDovL3d3dy53My5vcmcvMjAwMC9zdmciPjwvc3ZnPg==\" style=\"--smush-placeholder-width: 212px; --smush-placeholder-aspect-ratio: 212\/300;\" \/><\/a><\/figure>\n<\/div>\n\n\n<div style=\"height:25px\" aria-hidden=\"true\" class=\"wp-block-spacer\"><\/div>\n\n\n\n<p>Wenn Sie Interesse an einem Flyer (DIN A4) oder einem Poster (DIN A0) Abzug von dieser Ver\u00f6ffentlichung haben, schreiben Sie uns einfach \u00fcber das Kontaktformular an. Umgehend lassen wir Ihnen Ihr pers\u00f6nliches Exemplar zukommen.<\/p>\n\n\n\n<ul class=\"wp-block-list\">\n<li><a href=\"https:\/\/www.aom-systems.com\/de\/wp-content\/uploads\/2019\/02\/20190129_AOMS_Flyer-1.pdf\" target=\"_blank\" rel=\"noreferrer noopener\">Poster: \u201eTime-Shift-Technique\u201c<\/a><\/li>\n<\/ul>\n\n\n<div class=\"wp-block-image\">\n<figure class=\"aligncenter\"><a href=\"https:\/\/www.aom-systems.com\/de\/wp-content\/uploads\/2019\/02\/20190129_AOMS_Flyer-1.pdf\" target=\"_blank\" rel=\"noreferrer noopener\"><img decoding=\"async\" width=\"212\" height=\"300\" data-src=\"https:\/\/www.aom-systems.com\/de\/wp-content\/uploads\/2016\/10\/TST-Poster_pic_s-212x300.jpg\" alt=\"\" class=\"wp-image-1435 lazyload\" src=\"data:image\/svg+xml;base64,PHN2ZyB3aWR0aD0iMSIgaGVpZ2h0PSIxIiB4bWxucz0iaHR0cDovL3d3dy53My5vcmcvMjAwMC9zdmciPjwvc3ZnPg==\" style=\"--smush-placeholder-width: 212px; --smush-placeholder-aspect-ratio: 212\/300;\" \/><\/a><\/figure>\n<\/div>\n\n\n<div style=\"height:25px\" aria-hidden=\"true\" class=\"wp-block-spacer\"><\/div>\n\n\n\n<p>Wenn Sie Interesse an einem Flyer (DIN A4) oder einem Poster (DIN A0) Abzug von dieser Ver\u00f6ffentlichung haben, schreiben Sie uns einfach \u00fcber das Kontaktformular an. Umgehend lassen wir Ihnen Ihr pers\u00f6nliches Exemplar zukommen.<\/p>\n","protected":false},"excerpt":{"rendered":"<p>AOM-Systems legt gro\u00dfen Wert auf die Erforschung verschiedener Spray- &amp; Messtechnischer Ph\u00e4nomene. Auf dieser Seite k\u00f6nnen Poster (zum Beispiel von Konferenzen) oder auch Flyer zu bestimmten Themen heruntergeladen werden. Wenn Sie Interesse an einem Flyer (DIN A4) oder einem Poster (DIN A0) Abzug von dieser Ver\u00f6ffentlichung haben, schreiben Sie uns einfach \u00fcber das Kontaktformular an. &#8230; <a title=\"Poster &#038; Flyer\" class=\"read-more\" href=\"https:\/\/www.aom-systems.com\/de\/?page_id=2077\" aria-label=\"Mehr Informationen \u00fcber Poster &#038; Flyer\">Read more<\/a><\/p>\n","protected":false},"author":1,"featured_media":0,"parent":431,"menu_order":1,"comment_status":"closed","ping_status":"closed","template":"","meta":{"footnotes":""},"class_list":["post-2077","page","type-page","status-publish"],"_links":{"self":[{"href":"https:\/\/www.aom-systems.com\/de\/index.php?rest_route=\/wp\/v2\/pages\/2077","targetHints":{"allow":["GET"]}}],"collection":[{"href":"https:\/\/www.aom-systems.com\/de\/index.php?rest_route=\/wp\/v2\/pages"}],"about":[{"href":"https:\/\/www.aom-systems.com\/de\/index.php?rest_route=\/wp\/v2\/types\/page"}],"author":[{"embeddable":true,"href":"https:\/\/www.aom-systems.com\/de\/index.php?rest_route=\/wp\/v2\/users\/1"}],"replies":[{"embeddable":true,"href":"https:\/\/www.aom-systems.com\/de\/index.php?rest_route=%2Fwp%2Fv2%2Fcomments&post=2077"}],"version-history":[{"count":0,"href":"https:\/\/www.aom-systems.com\/de\/index.php?rest_route=\/wp\/v2\/pages\/2077\/revisions"}],"up":[{"embeddable":true,"href":"https:\/\/www.aom-systems.com\/de\/index.php?rest_route=\/wp\/v2\/pages\/431"}],"wp:attachment":[{"href":"https:\/\/www.aom-systems.com\/de\/index.php?rest_route=%2Fwp%2Fv2%2Fmedia&parent=2077"}],"curies":[{"name":"wp","href":"https:\/\/api.w.org\/{rel}","templated":true}]}}