{"id":212,"date":"2012-12-14T17:09:32","date_gmt":"2012-12-14T22:09:32","guid":{"rendered":"http:\/\/aom-systems.de\/wordpress\/?page_id=212"},"modified":"2025-07-09T11:13:47","modified_gmt":"2025-07-09T09:13:47","slug":"contacts","status":"publish","type":"page","link":"https:\/\/www.aom-systems.com\/de\/?page_id=212","title":{"rendered":"Kontakt"},"content":{"rendered":"\n<p><strong>AOM-Systems GmbH<\/strong><br>Benzstrasse 4 <br>64646 Heppenheim<br>Germany<br>Mail: contact@aom-systems.com<br>Tel:\u00a0\u00a0 +49(0) 6252 98090 75<\/p>\n\n\n\n<h2 class=\"wp-block-heading\">Kundensupport Hotline<\/h2>\n\n\n\n<p>Unseren Kunden steht zus\u00e4tzlich \u00fcber die Kundensupport Hotline ein Team aus Experten f\u00fcr Fragen zu Ihrem SpraySpy Produkt zur Verf\u00fcgung. Die Kundensupport Hotline erreichen Sie unter der Telefonnummer 06252-98090-74.&nbsp;<\/p>\n\n\n\n<h2 class=\"wp-block-heading\">Kontakt Formular<\/h2>\n\n\n\n\n<div class=\"wpcf7 no-js\" id=\"wpcf7-f30-o1\" lang=\"en-US\" dir=\"ltr\" data-wpcf7-id=\"30\">\n<div class=\"screen-reader-response\"><p role=\"status\" aria-live=\"polite\" aria-atomic=\"true\"><\/p> <ul><\/ul><\/div>\n<form action=\"\/de\/index.php?rest_route=%2Fwp%2Fv2%2Fpages%2F212#wpcf7-f30-o1\" method=\"post\" class=\"wpcf7-form init\" aria-label=\"Contact form\" novalidate=\"novalidate\" data-status=\"init\">\n<fieldset class=\"hidden-fields-container\"><input type=\"hidden\" name=\"_wpcf7\" value=\"30\" \/><input type=\"hidden\" name=\"_wpcf7_version\" value=\"6.1.5\" \/><input type=\"hidden\" name=\"_wpcf7_locale\" value=\"en_US\" \/><input type=\"hidden\" name=\"_wpcf7_unit_tag\" value=\"wpcf7-f30-o1\" \/><input type=\"hidden\" name=\"_wpcf7_container_post\" value=\"0\" \/><input type=\"hidden\" name=\"_wpcf7_posted_data_hash\" value=\"\" \/><input type=\"hidden\" name=\"_wpcf7_recaptcha_response\" value=\"\" \/>\n<\/fieldset>\n<p class=\"field\"><span class=\"wpcf7-form-control-wrap\" data-name=\"your-name\"><input size=\"40\" maxlength=\"400\" class=\"wpcf7-form-control wpcf7-text wpcf7-validates-as-required\" aria-required=\"true\" aria-invalid=\"false\" placeholder=\"Name:\" value=\"\" type=\"text\" name=\"your-name\" \/><\/span>\n<\/p>\n<p class=\"field\"><span class=\"wpcf7-form-control-wrap\" data-name=\"your-company\"><input size=\"40\" maxlength=\"400\" class=\"wpcf7-form-control wpcf7-text wpcf7-validates-as-required\" aria-required=\"true\" aria-invalid=\"false\" placeholder=\"Firma:\" value=\"\" type=\"text\" name=\"your-company\" \/><\/span>\n<\/p>\n<p class=\"field\"><span class=\"wpcf7-form-control-wrap\" data-name=\"your-email\"><input size=\"40\" maxlength=\"400\" class=\"wpcf7-form-control wpcf7-email wpcf7-validates-as-required wpcf7-text wpcf7-validates-as-email\" aria-required=\"true\" aria-invalid=\"false\" placeholder=\"E-mail:\" value=\"\" type=\"email\" name=\"your-email\" \/><\/span>\n<\/p>\n<p><span id=\"wpcf7-69f4d533d19d8-wrapper\" class=\"wpcf7-form-control-wrap company-wrap\" style=\"display:none !important; visibility:hidden !important;\"><label for=\"wpcf7-69f4d533d19d8-field\" class=\"hp-message\">Please leave this field empty.<\/label><input id=\"wpcf7-69f4d533d19d8-field\"  class=\"wpcf7-form-control wpcf7-text\" type=\"text\" name=\"company\" value=\"\" size=\"40\" tabindex=\"-1\" autocomplete=\"new-password\" \/><\/span>\n<\/p>\n<p class=\"field\"><label><\/label><span class=\"wpcf7-form-control-wrap\" data-name=\"your-phone\"><input size=\"40\" maxlength=\"400\" class=\"wpcf7-form-control wpcf7-text\" aria-invalid=\"false\" placeholder=\"Telefon:\" value=\"\" type=\"text\" name=\"your-phone\" \/><\/span>\n<\/p>\n<p class=\"field\"><label><\/label><span class=\"wpcf7-form-control-wrap\" data-name=\"your-message\"><textarea cols=\"40\" rows=\"10\" maxlength=\"2000\" class=\"wpcf7-form-control wpcf7-textarea\" aria-invalid=\"false\" placeholder=\"Nachricht:\" name=\"your-message\"><\/textarea><\/span>\n<\/p>\n<p>Alternativ k\u00f6nnen Sie uns auch direkt anschreiben unter: contact@aom-systems.com\n<\/p>\n<p><span class=\"wpcf7-form-control-wrap\" data-name=\"Datenschutz\"><span class=\"wpcf7-form-control wpcf7-checkbox wpcf7-validates-as-required\"><span class=\"wpcf7-list-item first last\"><input type=\"checkbox\" name=\"Datenschutz[]\" value=\"Datenschutzbestimmung gelesen und akzeptiert\" \/><span class=\"wpcf7-list-item-label\">Datenschutzbestimmung gelesen und akzeptiert<\/span><\/span><\/span><\/span><br \/>\nHier k\u00f6nnen Sie die <a href=\"https:\/\/www.aom-systems.com\/de\/?page_id=2139\">Datenschutzrichtlinie<\/a> einsehen.\n<\/p>\n<p class=\"submit-wrap\"><input type=\"reset\" value=\"l\u00f6schen\" \/><input class=\"wpcf7-form-control wpcf7-submit has-spinner\" type=\"submit\" value=\"senden\" \/>\n<\/p><div class=\"wpcf7-response-output\" aria-hidden=\"true\"><\/div>\n<\/form>\n<\/div>\n\n","protected":false},"excerpt":{"rendered":"<p>AOM-Systems GmbHBenzstrasse 4 64646 HeppenheimGermanyMail: contact@aom-systems.comTel:\u00a0\u00a0 +49(0) 6252 98090 75 Kundensupport Hotline Unseren Kunden steht zus\u00e4tzlich \u00fcber die Kundensupport Hotline ein Team aus Experten f\u00fcr Fragen zu Ihrem SpraySpy Produkt zur Verf\u00fcgung. Die Kundensupport Hotline erreichen Sie unter der Telefonnummer 06252-98090-74.&nbsp; Kontakt Formular<\/p>\n","protected":false},"author":1,"featured_media":0,"parent":144,"menu_order":1,"comment_status":"closed","ping_status":"closed","template":"","meta":{"footnotes":""},"class_list":["post-212","page","type-page","status-publish"],"_links":{"self":[{"href":"https:\/\/www.aom-systems.com\/de\/index.php?rest_route=\/wp\/v2\/pages\/212","targetHints":{"allow":["GET"]}}],"collection":[{"href":"https:\/\/www.aom-systems.com\/de\/index.php?rest_route=\/wp\/v2\/pages"}],"about":[{"href":"https:\/\/www.aom-systems.com\/de\/index.php?rest_route=\/wp\/v2\/types\/page"}],"author":[{"embeddable":true,"href":"https:\/\/www.aom-systems.com\/de\/index.php?rest_route=\/wp\/v2\/users\/1"}],"replies":[{"embeddable":true,"href":"https:\/\/www.aom-systems.com\/de\/index.php?rest_route=%2Fwp%2Fv2%2Fcomments&post=212"}],"version-history":[{"count":0,"href":"https:\/\/www.aom-systems.com\/de\/index.php?rest_route=\/wp\/v2\/pages\/212\/revisions"}],"up":[{"embeddable":true,"href":"https:\/\/www.aom-systems.com\/de\/index.php?rest_route=\/wp\/v2\/pages\/144"}],"wp:attachment":[{"href":"https:\/\/www.aom-systems.com\/de\/index.php?rest_route=%2Fwp%2Fv2%2Fmedia&parent=212"}],"curies":[{"name":"wp","href":"https:\/\/api.w.org\/{rel}","templated":true}]}}