{"id":2120,"date":"2018-05-08T09:50:22","date_gmt":"2018-05-08T07:50:22","guid":{"rendered":"https:\/\/www.aom-systems.com\/de\/?page_id=2120"},"modified":"2023-10-05T13:57:18","modified_gmt":"2023-10-05T11:57:18","slug":"anwendungsbeispiel-digitales-spritzbild","status":"publish","type":"page","link":"https:\/\/www.aom-systems.com\/de\/?page_id=2120","title":{"rendered":"Anwendungsbeispiel: Digitales Spritzbild"},"content":{"rendered":"\n<p><strong>Das digitale Spritzbild die zukunftsweisende Unterst\u00fctzung der Qualit\u00e4tssicherung sowie der Forschung &amp; Entwicklung<\/strong><\/p>\n\n\n\n<p>In einem Beschichtungsprozess wirken viele, teils schwer messbare Einflussfaktoren auf die Beschichtungsqualit\u00e4t. In der Folge kommt es in der Produktion immer wieder zu Beschichtungsfehlern, die sich als mangelnde Funktionalit\u00e4t oder mindere optische Qualit\u00e4t des beschichteten Bauteils darstellen. Eine h\u00e4ufige Fehlerquelle stellt dabei der Zerst\u00e4ubungsprozess bzw. das im Prozess erzeugte Spritzbild dar. Hier kann AOM-Systems die Qualit\u00e4tssicherung unterst\u00fctzen \u2013 mit der Darstellung des Zerst\u00e4ubungsprozesses als \u201edigitalem Spritzbild\u201c. Ein&nbsp;SpraySpy<sup>\u00ae<\/sup>-Messger\u00e4t vermisst hier das Spray und errechnet die Volumenverteilung des Lackes im Spraykegel.<\/p>\n\n\n<div class=\"wp-block-image\">\n<figure class=\"aligncenter\"><img decoding=\"async\" width=\"500\" height=\"300\" data-src=\"https:\/\/www.aom-systems.com\/de\/wp-content\/uploads\/2018\/05\/DSP_schemata.jpg\" alt=\"\" class=\"wp-image-2125 lazyload\" data-srcset=\"https:\/\/www.aom-systems.com\/de\/wp-content\/uploads\/2018\/05\/DSP_schemata.jpg 500w, https:\/\/www.aom-systems.com\/de\/wp-content\/uploads\/2018\/05\/DSP_schemata-300x180.jpg 300w, https:\/\/www.aom-systems.com\/de\/wp-content\/uploads\/2018\/05\/DSP_schemata-335x201.jpg 335w, https:\/\/www.aom-systems.com\/de\/wp-content\/uploads\/2018\/05\/DSP_schemata-80x48.jpg 80w, https:\/\/www.aom-systems.com\/de\/wp-content\/uploads\/2018\/05\/DSP_schemata-130x78.jpg 130w\" data-sizes=\"(max-width: 500px) 100vw, 500px\" src=\"data:image\/svg+xml;base64,PHN2ZyB3aWR0aD0iMSIgaGVpZ2h0PSIxIiB4bWxucz0iaHR0cDovL3d3dy53My5vcmcvMjAwMC9zdmciPjwvc3ZnPg==\" style=\"--smush-placeholder-width: 500px; --smush-placeholder-aspect-ratio: 500\/300;\" \/><\/figure>\n<\/div>\n\n\n<div style=\"height:25px\" aria-hidden=\"true\" class=\"wp-block-spacer\"><\/div>\n\n\n\n<p>Zur Unterst\u00fctzung der Mitarbeiter der Qualit\u00e4tssicherung und das Anlagenf\u00fchrer hat AOM-Systems das \u201edigitales Spritzbild\u201c entwickelt. Im Unterschied zum klassischen Spritzbild ist das digitale Spritzbild leichter zu \u201elesen\u201c sowie auch automatisiert auszuwerten. Seine Erstellung ist wenig zeitaufwendig und&nbsp;in engen Taktungen m\u00f6glich, und es vermittelt selbst dem ungeschultem Auge einen sofortigen ersten Eindruck von der Qualit\u00e4t des Sprays. Zus\u00e4tzlich ist die digitale Lagerung des Spritzbildes von Vorteil.<\/p>\n\n\n<div class=\"wp-block-image\">\n<figure class=\"aligncenter\"><img decoding=\"async\" width=\"700\" height=\"483\" data-src=\"https:\/\/www.aom-systems.com\/de\/wp-content\/uploads\/2020\/02\/LL_PN_grow_v7.gif\" alt=\"\" class=\"wp-image-3920 lazyload\" src=\"data:image\/svg+xml;base64,PHN2ZyB3aWR0aD0iMSIgaGVpZ2h0PSIxIiB4bWxucz0iaHR0cDovL3d3dy53My5vcmcvMjAwMC9zdmciPjwvc3ZnPg==\" style=\"--smush-placeholder-width: 700px; --smush-placeholder-aspect-ratio: 700\/483;\" \/><\/figure>\n<\/div>\n\n\n<div style=\"height:25px\" aria-hidden=\"true\" class=\"wp-block-spacer\"><\/div>\n\n\n\n<p>Es handelt sich um ein objektives Verfahren, mit dem auch gro\u00dfe&nbsp;Datenmengen problemlos verarbeitet werden k\u00f6nnen. Zum Beispiel kann der Anwender verschiedene Datens\u00e4tze von Sprays miteinander vergleichen und Trends erkennen bzw. beobachten.&nbsp;Damit leistet die Messung einen Beitrag zur Optimierung des Spritzprozesses und auch zur Digitalisierung dieses Prozesses:&nbsp; Das digitale Spritzbild erm\u00f6glicht zum Beispiel den rechnergest\u00fctzten, automatisierten Vergleich aller Spritzbilder aus einem gegebenen Zeitraum, auch \u00fcber Monate hinweg.<\/p>\n\n\n\n<p><strong>Vertiefende Informationen:<\/strong><\/p>\n\n\n\n<ul class=\"wp-block-list\">\n<li><a href=\"https:\/\/www.aom-systems.com\/de\/wp-content\/uploads\/2019\/02\/Flyer-Digital-Spray-Pattern-Q1-2019_web.jpg\" target=\"_blank\" rel=\"noreferrer noopener\">Dies ist der Link zum Flyer \u2013 digtales Spritzbild \u2013 gibt Ihnen auf einer Seite die wichtigsten Informationen zu dem Qualit\u00e4tsmessverfahren.<\/a><\/li>\n\n\n\n<li><a href=\"https:\/\/www.aom-systems.com\/de\/wp-content\/uploads\/2018\/12\/Spritzstrahl-und-D%C3%BCsenstandzeit-%E2%80%93-Eine-M%C3%B6glichkeit-zur-Erh%C3%B6hung_J_O_T_12_2018.pdf\" target=\"_blank\" rel=\"noreferrer noopener\">In der JOT Dezember 2018 werden die gemeinsam mit Prof. H\u00e4nsel (Berufsakademie Sachsen) erarbeiteten Forschungsergebnisse zur D\u00fcsenkontrolle vorgestellt \u2013 hier ist der Link dazu.<\/a><\/li>\n\n\n\n<li><a href=\"https:\/\/www.aom-systems.com\/de\/wp-content\/uploads\/2018\/05\/BL_09_2018_DSP_web.pdf\" target=\"_blank\" rel=\"noreferrer noopener\">In der besserlackieren 09\/2018 wird ebenfalls \u00fcber das digitale Spritzbild berichtet. \u2013 hier ist der Link dazu.<\/a><\/li>\n<\/ul>\n","protected":false},"excerpt":{"rendered":"<p>Das digitale Spritzbild die zukunftsweisende Unterst\u00fctzung der Qualit\u00e4tssicherung sowie der Forschung &amp; Entwicklung In einem Beschichtungsprozess wirken viele, teils schwer messbare Einflussfaktoren auf die Beschichtungsqualit\u00e4t. In der Folge kommt es in der Produktion immer wieder zu Beschichtungsfehlern, die sich als mangelnde Funktionalit\u00e4t oder mindere optische Qualit\u00e4t des beschichteten Bauteils darstellen. Eine h\u00e4ufige Fehlerquelle stellt dabei &#8230; <a title=\"Anwendungsbeispiel: Digitales Spritzbild\" class=\"read-more\" href=\"https:\/\/www.aom-systems.com\/de\/?page_id=2120\" aria-label=\"Mehr Informationen \u00fcber Anwendungsbeispiel: Digitales Spritzbild\">Read more<\/a><\/p>\n","protected":false},"author":1,"featured_media":0,"parent":199,"menu_order":1,"comment_status":"closed","ping_status":"closed","template":"","meta":{"footnotes":""},"class_list":["post-2120","page","type-page","status-publish"],"_links":{"self":[{"href":"https:\/\/www.aom-systems.com\/de\/index.php?rest_route=\/wp\/v2\/pages\/2120","targetHints":{"allow":["GET"]}}],"collection":[{"href":"https:\/\/www.aom-systems.com\/de\/index.php?rest_route=\/wp\/v2\/pages"}],"about":[{"href":"https:\/\/www.aom-systems.com\/de\/index.php?rest_route=\/wp\/v2\/types\/page"}],"author":[{"embeddable":true,"href":"https:\/\/www.aom-systems.com\/de\/index.php?rest_route=\/wp\/v2\/users\/1"}],"replies":[{"embeddable":true,"href":"https:\/\/www.aom-systems.com\/de\/index.php?rest_route=%2Fwp%2Fv2%2Fcomments&post=2120"}],"version-history":[{"count":0,"href":"https:\/\/www.aom-systems.com\/de\/index.php?rest_route=\/wp\/v2\/pages\/2120\/revisions"}],"up":[{"embeddable":true,"href":"https:\/\/www.aom-systems.com\/de\/index.php?rest_route=\/wp\/v2\/pages\/199"}],"wp:attachment":[{"href":"https:\/\/www.aom-systems.com\/de\/index.php?rest_route=%2Fwp%2Fv2%2Fmedia&parent=2120"}],"curies":[{"name":"wp","href":"https:\/\/api.w.org\/{rel}","templated":true}]}}