{"id":2522,"date":"2019-02-12T10:36:54","date_gmt":"2019-02-12T09:36:54","guid":{"rendered":"https:\/\/www.aom-systems.com\/de\/?page_id=2522"},"modified":"2025-03-21T08:45:54","modified_gmt":"2025-03-21T07:45:54","slug":"sprayspy-lab-line","status":"publish","type":"page","link":"https:\/\/www.aom-systems.com\/de\/?page_id=2522","title":{"rendered":"SpraySpy<sup>\u00ae<\/sup> LabLine"},"content":{"rendered":"<div class=\"wp-block-image\">\n<figure class=\"aligncenter\"><img decoding=\"async\" width=\"600\" height=\"354\" data-src=\"https:\/\/www.aom-systems.com\/de\/wp-content\/uploads\/2020\/05\/LL450-Foto-mount-2020-mit-Display_transp_WEB.png\" alt=\"\" class=\"wp-image-4179 lazyload\" data-srcset=\"https:\/\/www.aom-systems.com\/de\/wp-content\/uploads\/2020\/05\/LL450-Foto-mount-2020-mit-Display_transp_WEB.png 600w, https:\/\/www.aom-systems.com\/de\/wp-content\/uploads\/2020\/05\/LL450-Foto-mount-2020-mit-Display_transp_WEB-300x177.png 300w, https:\/\/www.aom-systems.com\/de\/wp-content\/uploads\/2020\/05\/LL450-Foto-mount-2020-mit-Display_transp_WEB-335x198.png 335w, https:\/\/www.aom-systems.com\/de\/wp-content\/uploads\/2020\/05\/LL450-Foto-mount-2020-mit-Display_transp_WEB-80x47.png 80w, https:\/\/www.aom-systems.com\/de\/wp-content\/uploads\/2020\/05\/LL450-Foto-mount-2020-mit-Display_transp_WEB-130x77.png 130w\" data-sizes=\"(max-width: 600px) 100vw, 600px\" src=\"data:image\/svg+xml;base64,PHN2ZyB3aWR0aD0iMSIgaGVpZ2h0PSIxIiB4bWxucz0iaHR0cDovL3d3dy53My5vcmcvMjAwMC9zdmciPjwvc3ZnPg==\" style=\"--smush-placeholder-width: 600px; --smush-placeholder-aspect-ratio: 600\/354;\" \/><\/figure>\n<\/div>\n\n\n<p>Die SpraySpy<sup>\u00ae<\/sup> LabLine ist eine speziell f\u00fcr die Anforderungen von Forschern und Entwicklern entwickelte Produktgruppe von Messger\u00e4ten. Sie erfassen ortsaufgel\u00f6st Einzeltropfenereignisse, die sie standardgem\u00e4\u00df in Form von Histogrammen und Standardkenngr\u00f6\u00dfen wiedergeben. Zus\u00e4tzlich werden die Messergebnisse gespeichert und k\u00f6nnen individuell ausgewertet werden.<\/p>\n\n\n<div class=\"wp-block-image\">\n<figure class=\"aligncenter size-full\"><img decoding=\"async\" width=\"400\" height=\"345\" data-src=\"https:\/\/www.aom-systems.com\/de\/wp-content\/uploads\/2024\/04\/Sequenz-01_13_PSD24II.gif\" alt=\"\" class=\"wp-image-18063 lazyload\" src=\"data:image\/svg+xml;base64,PHN2ZyB3aWR0aD0iMSIgaGVpZ2h0PSIxIiB4bWxucz0iaHR0cDovL3d3dy53My5vcmcvMjAwMC9zdmciPjwvc3ZnPg==\" style=\"--smush-placeholder-width: 400px; --smush-placeholder-aspect-ratio: 400\/345;\" \/><\/figure>\n<\/div>\n\n\n<div style=\"height:25px\" aria-hidden=\"true\" class=\"wp-block-spacer\"><\/div>\n\n\n\n<p>In der SpraySpy<sup>\u00ae<\/sup>-Technologie kommen mehrere patentierte Innovationen zur Anwendung \u2013 mit dem Ergebnis, dass es sich um eine einfach anzuwendende und verl\u00e4ssliche Erweiterung der Tropfenmesstechnik handelt.<\/p>\n\n\n\n<p>SpraySpy<sup>\u00ae<\/sup> Fakten<\/p>\n\n\n\n<ul class=\"wp-block-list\">\n<li>Simultane Messung der Geschwindigkeit und Gr\u00f6\u00dfe von Tropfen<\/li>\n\n\n\n<li>Bestimmung des Tropfenimpulses und des Volumenstroms<\/li>\n\n\n\n<li>Messung und getrennte Auswertung transparenter und nicht transparenter Tropfen<\/li>\n\n\n\n<li>Messung des Detektionszeitpunktes einzelner Tropfen<\/li>\n\n\n\n<li>IP 67 Messsonde&nbsp;<\/li>\n\n\n\n<li>Inline-Messung und -\u00dcberwachung der Spray-Qualit\u00e4t im laufenden Produktionsprozess<\/li>\n\n\n\n<li>Einfache Handhabung<\/li>\n\n\n\n<li>Messung in explosiven Atmosph\u00e4ren (ATEX)&nbsp;<\/li>\n<\/ul>\n\n\n\n<div class=\"wp-block-buttons is-layout-flex wp-block-buttons-is-layout-flex\">\n<div class=\"wp-block-button\"><a class=\"wp-block-button__link wp-element-button\" href=\"https:\/\/www.aom-systems.com\/de\/?page_id=212\">Ein unverbindliches Beratungsgespr\u00e4ch vereinbaren<\/a><\/div>\n<\/div>\n\n\n\n<div style=\"height:50px\" aria-hidden=\"true\" class=\"wp-block-spacer\"><\/div>\n\n\n\n<p><strong>Weitere Informationen:<\/strong><\/p>\n\n\n\n<ul class=\"wp-block-list\">\n<li><a href=\"https:\/\/www.aom-systems.com\/de\/wp-content\/uploads\/2025\/03\/SpraySpy_LabLine_Product_info_2025.pdf\" target=\"_blank\" rel=\"noreferrer noopener\">Link zur Produktbrosch\u00fcre<\/a><\/li>\n<\/ul>\n\n\n\n<p><strong>Digitales&nbsp;Spritzbild:<\/strong><\/p>\n\n\n<div class=\"wp-block-image\">\n<figure class=\"aligncenter\"><img decoding=\"async\" width=\"450\" height=\"311\" data-src=\"https:\/\/www.aom-systems.com\/de\/wp-content\/uploads\/2020\/05\/LL_PN_grow_v10_mittel.gif\" alt=\"\" class=\"wp-image-4186 lazyload\" src=\"data:image\/svg+xml;base64,PHN2ZyB3aWR0aD0iMSIgaGVpZ2h0PSIxIiB4bWxucz0iaHR0cDovL3d3dy53My5vcmcvMjAwMC9zdmciPjwvc3ZnPg==\" style=\"--smush-placeholder-width: 450px; --smush-placeholder-aspect-ratio: 450\/311;\" \/><\/figure>\n<\/div>\n\n\n<div style=\"height:25px\" aria-hidden=\"true\" class=\"wp-block-spacer\"><\/div>\n\n\n\n<p><a href=\"https:\/\/www.aom-systems.com\/de\/?page_id=2120\">Link zu weiteren Informationen zum Digitalen Spritzbild<\/a><\/p>\n\n\n\n<p><strong>Messauftr\u00e4ge:<\/strong><\/p>\n\n\n\n<p>Gerne k\u00f6nnen wir mit der&nbsp;SpraySpy<sup>\u00ae<\/sup>-Technologie Ihr Spray auch als Auftragsarbeit analysieren.<\/p>\n","protected":false},"excerpt":{"rendered":"<p>Die SpraySpy\u00ae LabLine ist eine speziell f\u00fcr die Anforderungen von Forschern und Entwicklern entwickelte Produktgruppe von Messger\u00e4ten. Sie erfassen ortsaufgel\u00f6st Einzeltropfenereignisse, die sie standardgem\u00e4\u00df in Form von Histogrammen und Standardkenngr\u00f6\u00dfen wiedergeben. Zus\u00e4tzlich werden die Messergebnisse gespeichert und k\u00f6nnen individuell ausgewertet werden. In der SpraySpy\u00ae-Technologie kommen mehrere patentierte Innovationen zur Anwendung \u2013 mit dem Ergebnis, dass &#8230; <a title=\"SpraySpy\u00ae LabLine\" class=\"read-more\" href=\"https:\/\/www.aom-systems.com\/de\/?page_id=2522\" aria-label=\"Mehr Informationen \u00fcber SpraySpy\u00ae LabLine\">Read more<\/a><\/p>\n","protected":false},"author":1,"featured_media":0,"parent":0,"menu_order":0,"comment_status":"closed","ping_status":"closed","template":"","meta":{"footnotes":""},"class_list":["post-2522","page","type-page","status-publish"],"_links":{"self":[{"href":"https:\/\/www.aom-systems.com\/de\/index.php?rest_route=\/wp\/v2\/pages\/2522","targetHints":{"allow":["GET"]}}],"collection":[{"href":"https:\/\/www.aom-systems.com\/de\/index.php?rest_route=\/wp\/v2\/pages"}],"about":[{"href":"https:\/\/www.aom-systems.com\/de\/index.php?rest_route=\/wp\/v2\/types\/page"}],"author":[{"embeddable":true,"href":"https:\/\/www.aom-systems.com\/de\/index.php?rest_route=\/wp\/v2\/users\/1"}],"replies":[{"embeddable":true,"href":"https:\/\/www.aom-systems.com\/de\/index.php?rest_route=%2Fwp%2Fv2%2Fcomments&post=2522"}],"version-history":[{"count":0,"href":"https:\/\/www.aom-systems.com\/de\/index.php?rest_route=\/wp\/v2\/pages\/2522\/revisions"}],"wp:attachment":[{"href":"https:\/\/www.aom-systems.com\/de\/index.php?rest_route=%2Fwp%2Fv2%2Fmedia&parent=2522"}],"curies":[{"name":"wp","href":"https:\/\/api.w.org\/{rel}","templated":true}]}}