{"id":2684,"date":"2019-02-13T14:23:08","date_gmt":"2019-02-13T13:23:08","guid":{"rendered":"https:\/\/www.aom-systems.com\/de\/?page_id=2684"},"modified":"2026-04-28T11:37:45","modified_gmt":"2026-04-28T09:37:45","slug":"referenzen-zu-sprayspy","status":"publish","type":"page","link":"https:\/\/www.aom-systems.com\/de\/?page_id=2684","title":{"rendered":"Referenzen"},"content":{"rendered":"<div class=\"gb-container gb-container-62332aaa\">\n<div class=\"gb-container gb-container-16091574\">\n<div class=\"gb-container gb-container-efb7a5fe\">\n\n<figure class=\"wp-block-image size-large\"><img decoding=\"async\" width=\"1024\" height=\"760\" data-src=\"https:\/\/www.aom-systems.com\/de\/wp-content\/uploads\/2026\/04\/Neue-Referenzen2026_Q1-1024x760.png\" alt=\"\" class=\"wp-image-28904 lazyload\" data-srcset=\"https:\/\/www.aom-systems.com\/de\/wp-content\/uploads\/2026\/04\/Neue-Referenzen2026_Q1-1024x760.png 1024w, https:\/\/www.aom-systems.com\/de\/wp-content\/uploads\/2026\/04\/Neue-Referenzen2026_Q1-300x223.png 300w, https:\/\/www.aom-systems.com\/de\/wp-content\/uploads\/2026\/04\/Neue-Referenzen2026_Q1-768x570.png 768w, https:\/\/www.aom-systems.com\/de\/wp-content\/uploads\/2026\/04\/Neue-Referenzen2026_Q1-1320x979.png 1320w, https:\/\/www.aom-systems.com\/de\/wp-content\/uploads\/2026\/04\/Neue-Referenzen2026_Q1.png 1429w\" data-sizes=\"(max-width: 1024px) 100vw, 1024px\" src=\"data:image\/svg+xml;base64,PHN2ZyB3aWR0aD0iMSIgaGVpZ2h0PSIxIiB4bWxucz0iaHR0cDovL3d3dy53My5vcmcvMjAwMC9zdmciPjwvc3ZnPg==\" style=\"--smush-placeholder-width: 1024px; --smush-placeholder-aspect-ratio: 1024\/760;\" \/><\/figure>\n\n<\/div>\n<\/div>\n<\/div>\n\n\n<h2 class=\"gb-headline gb-headline-acf96dbe gb-headline-text\">Weltweit:<\/h2>\n\n\n\n<p><img decoding=\"async\" alt=\"\" width=\"1000\" height=\"530\" data-src=\"https:\/\/www.aom-systems.com\/de\/wp-content\/uploads\/2023\/08\/Weltkarte-105_2023-1.jpg\" data-srcset=\"https:\/\/www.aom-systems.com\/de\/wp-content\/uploads\/2023\/08\/Weltkarte-105_2023-1.jpg 1000w, https:\/\/www.aom-systems.com\/de\/wp-content\/uploads\/2023\/08\/Weltkarte-105_2023-1-300x159.jpg 300w, https:\/\/www.aom-systems.com\/de\/wp-content\/uploads\/2023\/08\/Weltkarte-105_2023-1-768x407.jpg 768w, https:\/\/www.aom-systems.com\/de\/wp-content\/uploads\/2023\/08\/Weltkarte-105_2023-1-335x178.jpg 335w, https:\/\/www.aom-systems.com\/de\/wp-content\/uploads\/2023\/08\/Weltkarte-105_2023-1-80x42.jpg 80w, https:\/\/www.aom-systems.com\/de\/wp-content\/uploads\/2023\/08\/Weltkarte-105_2023-1-130x69.jpg 130w\" src=\"data:image\/svg+xml;base64,PHN2ZyB3aWR0aD0iMSIgaGVpZ2h0PSIxIiB4bWxucz0iaHR0cDovL3d3dy53My5vcmcvMjAwMC9zdmciPjwvc3ZnPg==\" class=\"lazyload\" style=\"--smush-placeholder-width: 1000px; --smush-placeholder-aspect-ratio: 1000\/530;\"><\/p>\n\n\n\n<div style=\"height:38px\" aria-hidden=\"true\" class=\"wp-block-spacer\"><\/div>\n\n\n\n<h2 class=\"gb-headline gb-headline-29dbc366 gb-headline-text\">Zitate:<\/h2>\n\n\n\n<figure class=\"wp-block-image is-resized\"><img decoding=\"async\" width=\"170\" height=\"38\" data-src=\"https:\/\/www.aom-systems.com\/de\/wp-content\/uploads\/2018\/06\/Thermofisher_logo.png\" alt=\"\" class=\"wp-image-2160 lazyload\" style=\"--smush-placeholder-width: 170px; --smush-placeholder-aspect-ratio: 170\/38;width:200px\" data-srcset=\"https:\/\/www.aom-systems.com\/de\/wp-content\/uploads\/2018\/06\/Thermofisher_logo.png 170w, https:\/\/www.aom-systems.com\/de\/wp-content\/uploads\/2018\/06\/Thermofisher_logo-80x18.png 80w, https:\/\/www.aom-systems.com\/de\/wp-content\/uploads\/2018\/06\/Thermofisher_logo-130x29.png 130w\" data-sizes=\"(max-width: 170px) 100vw, 170px\" src=\"data:image\/svg+xml;base64,PHN2ZyB3aWR0aD0iMSIgaGVpZ2h0PSIxIiB4bWxucz0iaHR0cDovL3d3dy53My5vcmcvMjAwMC9zdmciPjwvc3ZnPg==\" \/><\/figure>\n\n\n<div class=\"gb-container gb-container-cb60ae6f\">\n\n<p><em>\u201eFantastischer Partner im Bereich der fl\u00fcssigen Tropfenmesstechnik\u201c<\/em><\/p>\n\n<\/div>\n\n\n<p><strong>Dr. Benjamin Eggart,&nbsp;Dionex Softron GmbH (Thermo Fisher Scientific Inc.)<\/strong><\/p>\n\n\n\n<div style=\"height:38px\" aria-hidden=\"true\" class=\"wp-block-spacer\"><\/div>\n\n\n\n<figure class=\"wp-block-image is-resized\"><img decoding=\"async\" width=\"250\" height=\"90\" data-src=\"https:\/\/www.aom-systems.com\/de\/wp-content\/uploads\/2020\/03\/250px-BASF-Logo_bw.svg_.png\" alt=\"\" class=\"wp-image-3977 lazyload\" style=\"--smush-placeholder-width: 250px; --smush-placeholder-aspect-ratio: 250\/90;width:200px\" data-srcset=\"https:\/\/www.aom-systems.com\/de\/wp-content\/uploads\/2020\/03\/250px-BASF-Logo_bw.svg_.png 250w, https:\/\/www.aom-systems.com\/de\/wp-content\/uploads\/2020\/03\/250px-BASF-Logo_bw.svg_-80x29.png 80w, https:\/\/www.aom-systems.com\/de\/wp-content\/uploads\/2020\/03\/250px-BASF-Logo_bw.svg_-130x47.png 130w\" data-sizes=\"(max-width: 250px) 100vw, 250px\" src=\"data:image\/svg+xml;base64,PHN2ZyB3aWR0aD0iMSIgaGVpZ2h0PSIxIiB4bWxucz0iaHR0cDovL3d3dy53My5vcmcvMjAwMC9zdmciPjwvc3ZnPg==\" \/><\/figure>\n\n\n\n<p><em>\u201eIm Technologiemanagement des Unternehmensbereichs Coatings der BASF dient das SpraySpy System als eine Schl\u00fcsseltechnologie bei Messverfahren, um komplexe Ursache-Wirkungsmechanismen zuk\u00fcnftig noch zielgerichteter aufkl\u00e4ren zu k\u00f6nnen.\u201c<\/em><\/p>\n\n\n\n<p><strong>Georg Wigger,&nbsp;<\/strong><strong>BASF Coatings GmbH<\/strong><\/p>\n\n\n\n<div style=\"height:25px\" aria-hidden=\"true\" class=\"wp-block-spacer\"><\/div>\n\n\n<div class=\"gb-container gb-container-f47a4d9b\">\n\n<figure class=\"wp-block-image size-full is-resized\"><a href=\"https:\/\/www.aom-systems.com\/de\/wp-content\/uploads\/2026\/04\/ventherm.png\"><img decoding=\"async\" width=\"250\" height=\"202\" data-src=\"https:\/\/www.aom-systems.com\/de\/wp-content\/uploads\/2026\/04\/ventherm.png\" alt=\"\" class=\"wp-image-28880 lazyload\" style=\"--smush-placeholder-width: 250px; --smush-placeholder-aspect-ratio: 250\/202;width:199px;height:auto\" src=\"data:image\/svg+xml;base64,PHN2ZyB3aWR0aD0iMSIgaGVpZ2h0PSIxIiB4bWxucz0iaHR0cDovL3d3dy53My5vcmcvMjAwMC9zdmciPjwvc3ZnPg==\" \/><\/a><\/figure>\n\n<\/div>\n\n\n<p>\u201eWir haben SpraySpy getestet, um unseren Kunden eine h\u00f6here Prozessqualit\u00e4t bei geringeren Kosten bieten zu k\u00f6nnen. Mit SpraySpy konnten wir Fehler im Spr\u00fchmuster eindeutig identifizieren. Wir sind von der Technologie \u00fcberzeugt und freuen uns, unseren Kunden als Systemintegrator die M\u00f6glichkeit zu bieten, diese Technologie in ihre Systeme zu integrieren.&#8220;<\/p>\n\n\n\n<p><strong>Rune Lars Bendixen<\/strong>, <strong>CSO, Ventherm A\/S<\/strong><\/p>\n\n\n\n<div style=\"height:25px\" aria-hidden=\"true\" class=\"wp-block-spacer\"><\/div>\n\n\n\n<figure class=\"wp-block-image is-resized\"><img decoding=\"async\" width=\"112\" height=\"89\" data-src=\"https:\/\/www.aom-systems.com\/de\/wp-content\/uploads\/2015\/04\/logo-axalta.png\" alt=\"\" class=\"wp-image-922 lazyload\" style=\"--smush-placeholder-width: 112px; --smush-placeholder-aspect-ratio: 112\/89;width:200px\" data-srcset=\"https:\/\/www.aom-systems.com\/de\/wp-content\/uploads\/2015\/04\/logo-axalta.png 112w, https:\/\/www.aom-systems.com\/de\/wp-content\/uploads\/2015\/04\/logo-axalta-80x63.png 80w\" data-sizes=\"(max-width: 112px) 100vw, 112px\" src=\"data:image\/svg+xml;base64,PHN2ZyB3aWR0aD0iMSIgaGVpZ2h0PSIxIiB4bWxucz0iaHR0cDovL3d3dy53My5vcmcvMjAwMC9zdmciPjwvc3ZnPg==\" \/><\/figure>\n\n\n\n<p><em><\/em><em>\u201eSpraySpy ist ein sehr gutes Tool zur Pr\u00fcfung des Zerst\u00e4ubersverhaltens von Lacken\u201c<\/em><\/p>\n\n\n\n<p><strong>Frank-Peter Tiegs, Axalta Coating Systems Germany GmbH<\/strong><\/p>\n\n\n\n<div style=\"height:25px\" aria-hidden=\"true\" class=\"wp-block-spacer\"><\/div>\n\n\n\n<figure class=\"wp-block-image is-resized\"><img decoding=\"async\" width=\"300\" height=\"225\" data-src=\"https:\/\/www.aom-systems.com\/de\/wp-content\/uploads\/2023\/08\/sames-new-logo-300x225.jpg\" alt=\"\" class=\"wp-image-15388 lazyload\" style=\"--smush-placeholder-width: 300px; --smush-placeholder-aspect-ratio: 300\/225;width:200px\" data-srcset=\"https:\/\/www.aom-systems.com\/de\/wp-content\/uploads\/2023\/08\/sames-new-logo-300x225.jpg 300w, https:\/\/www.aom-systems.com\/de\/wp-content\/uploads\/2023\/08\/sames-new-logo-1024x767.jpg 1024w, https:\/\/www.aom-systems.com\/de\/wp-content\/uploads\/2023\/08\/sames-new-logo-768x575.jpg 768w, https:\/\/www.aom-systems.com\/de\/wp-content\/uploads\/2023\/08\/sames-new-logo-335x251.jpg 335w, https:\/\/www.aom-systems.com\/de\/wp-content\/uploads\/2023\/08\/sames-new-logo-80x60.jpg 80w, https:\/\/www.aom-systems.com\/de\/wp-content\/uploads\/2023\/08\/sames-new-logo-130x97.jpg 130w, https:\/\/www.aom-systems.com\/de\/wp-content\/uploads\/2023\/08\/sames-new-logo.jpg 1200w\" data-sizes=\"(max-width: 300px) 100vw, 300px\" src=\"data:image\/svg+xml;base64,PHN2ZyB3aWR0aD0iMSIgaGVpZ2h0PSIxIiB4bWxucz0iaHR0cDovL3d3dy53My5vcmcvMjAwMC9zdmciPjwvc3ZnPg==\" \/><\/figure>\n\n\n\n<p><em>\u201eDie Messtechnik von AOM-Systems hat es uns erlaubt, uns auf sehr spezielle Parameter in unseren Sprays zu fokussieren und einige Eigenschaften auf einem mikroskopischen Ma\u00dfstab zu validieren.\u201c<\/em><\/p>\n\n\n\n<p><strong>Martin Roth, Sames<\/strong><\/p>\n\n\n\n<div style=\"height:25px\" aria-hidden=\"true\" class=\"wp-block-spacer\"><\/div>\n\n\n\n<figure class=\"wp-block-image is-resized\"><img decoding=\"async\" width=\"220\" height=\"136\" data-src=\"https:\/\/www.aom-systems.com\/wordpress\/wp-content\/uploads\/2015\/04\/DIN.png\" alt=\"DIN\" class=\"wp-image-769 lazyload\" style=\"--smush-placeholder-width: 220px; --smush-placeholder-aspect-ratio: 220\/136;width:198px\" data-srcset=\"https:\/\/www.aom-systems.com\/de\/wp-content\/uploads\/2015\/04\/DIN.png 220w, https:\/\/www.aom-systems.com\/de\/wp-content\/uploads\/2015\/04\/DIN-80x49.png 80w, https:\/\/www.aom-systems.com\/de\/wp-content\/uploads\/2015\/04\/DIN-130x80.png 130w\" data-sizes=\"(max-width: 220px) 100vw, 220px\" src=\"data:image\/svg+xml;base64,PHN2ZyB3aWR0aD0iMSIgaGVpZ2h0PSIxIiB4bWxucz0iaHR0cDovL3d3dy53My5vcmcvMjAwMC9zdmciPjwvc3ZnPg==\" \/><\/figure>\n\n\n\n<p><em>\u201eWir haben AOM als engagierte und zuverl\u00e4ssigen Partner mit hoher Fachkompetenz erlebt.\u201c<\/em><\/p>\n\n\n\n<p><strong>De-W<\/strong><strong>on Cho, DIN.e.V.<\/strong><\/p>\n\n\n\n<div style=\"height:25px\" aria-hidden=\"true\" class=\"wp-block-spacer\"><\/div>\n\n\n\n<figure class=\"wp-block-image is-resized\"><img decoding=\"async\" width=\"199\" height=\"43\" data-src=\"https:\/\/www.aom-systems.com\/wordpress\/wp-content\/uploads\/2015\/04\/BA-DD.png\" alt=\"BA DD\" class=\"wp-image-808 lazyload\" style=\"--smush-placeholder-width: 199px; --smush-placeholder-aspect-ratio: 199\/43;width:200px\" data-srcset=\"https:\/\/www.aom-systems.com\/de\/wp-content\/uploads\/2015\/04\/BA-DD.png 199w, https:\/\/www.aom-systems.com\/de\/wp-content\/uploads\/2015\/04\/BA-DD-80x17.png 80w, https:\/\/www.aom-systems.com\/de\/wp-content\/uploads\/2015\/04\/BA-DD-130x28.png 130w\" data-sizes=\"(max-width: 199px) 100vw, 199px\" src=\"data:image\/svg+xml;base64,PHN2ZyB3aWR0aD0iMSIgaGVpZ2h0PSIxIiB4bWxucz0iaHR0cDovL3d3dy53My5vcmcvMjAwMC9zdmciPjwvc3ZnPg==\" \/><\/figure>\n\n\n\n<p><em><\/em><em>\u201eDie Staatliche Studienakademie Dresden arbeitet mit dem SpraySpy der Firma AOM-Systems seit einigen Monaten bei der Charakterisierung von Tropfen beim Spritzen von Lacken und \u00d6len im Bereich der Holzverarbeitung. Besonders positiv war sowohl in der Markterkundungsphase als auch bei \u00dcbergabe und Inbetriebnahme die Kompetenz aller Mitarbeiter von AOM. In der t\u00e4glichen Anwendung \u00fcberzeugen uns die einfache Handhabung der Messtechnik und Auswertungssoftware sowie die Pr\u00e4zision der gemessenen Werte. Aus diesen Gr\u00fcnden Nutzen wir den SpraySpy auch in der studentischen Ausbildung und erreichen ein tieferes Verst\u00e4ndnis der ablaufenden Prozesse beim Spritzen.\u201c<\/em><\/p>\n\n\n\n<p><strong>Prof. A. H\u00e4nsel, Direktor der staatlichen Studienakademie Dresden<\/strong><\/p>\n\n\n\n<div style=\"height:25px\" aria-hidden=\"true\" class=\"wp-block-spacer\"><\/div>\n\n\n\n<figure class=\"wp-block-image is-resized\"><img decoding=\"async\" data-src=\"https:\/\/www.aom-systems.com\/wordpress\/wp-content\/uploads\/2012\/12\/LacTec.png\" alt=\"LacTec\" class=\"wp-image-387 lazyload\" style=\"width:200px\" src=\"data:image\/svg+xml;base64,PHN2ZyB3aWR0aD0iMSIgaGVpZ2h0PSIxIiB4bWxucz0iaHR0cDovL3d3dy53My5vcmcvMjAwMC9zdmciPjwvc3ZnPg==\" \/><\/figure>\n\n\n\n<p><em>\u201eDie Messtechnik der Firma AOM Systems erm\u00f6glicht unseren Kunden, Sprayparameter an Lackieranlagen sehr einfach zu erfassen. An unserer Laborlackieranlage, dem LabPainter QC 703, haben wir mit AOM umfangreiche Versuchsreihen mit diversen Zerst\u00e4ubern (Picobell, Betabell, EcoBell, AGMD, \u2026) erfolgreich durchgef\u00fchrt. Wir freuen uns daher, zuk\u00fcnftig mit AOM als Kooperationspartner weitere Entwicklungsprojekte durchzuf\u00fchren.\u201c<\/em><\/p>\n\n\n\n<p><strong>Dr. Felix Brinckmann, LacTec GmbH<\/strong><\/p>\n\n\n\n<div style=\"height:25px\" aria-hidden=\"true\" class=\"wp-block-spacer\"><\/div>\n","protected":false},"excerpt":{"rendered":"<p>Weltweit: Zitate: \u201eFantastischer Partner im Bereich der fl\u00fcssigen Tropfenmesstechnik\u201c Dr. Benjamin Eggart,&nbsp;Dionex Softron GmbH (Thermo Fisher Scientific Inc.) \u201eIm Technologiemanagement des Unternehmensbereichs Coatings der BASF dient das SpraySpy System als eine Schl\u00fcsseltechnologie bei Messverfahren, um komplexe Ursache-Wirkungsmechanismen zuk\u00fcnftig noch zielgerichteter aufkl\u00e4ren zu k\u00f6nnen.\u201c Georg Wigger,&nbsp;BASF Coatings GmbH \u201eWir haben SpraySpy getestet, um unseren Kunden eine &#8230; <a title=\"Referenzen\" class=\"read-more\" href=\"https:\/\/www.aom-systems.com\/de\/?page_id=2684\" aria-label=\"Mehr Informationen \u00fcber Referenzen\">Read more<\/a><\/p>\n","protected":false},"author":1,"featured_media":0,"parent":0,"menu_order":8,"comment_status":"closed","ping_status":"closed","template":"","meta":{"footnotes":""},"class_list":["post-2684","page","type-page","status-publish"],"_links":{"self":[{"href":"https:\/\/www.aom-systems.com\/de\/index.php?rest_route=\/wp\/v2\/pages\/2684","targetHints":{"allow":["GET"]}}],"collection":[{"href":"https:\/\/www.aom-systems.com\/de\/index.php?rest_route=\/wp\/v2\/pages"}],"about":[{"href":"https:\/\/www.aom-systems.com\/de\/index.php?rest_route=\/wp\/v2\/types\/page"}],"author":[{"embeddable":true,"href":"https:\/\/www.aom-systems.com\/de\/index.php?rest_route=\/wp\/v2\/users\/1"}],"replies":[{"embeddable":true,"href":"https:\/\/www.aom-systems.com\/de\/index.php?rest_route=%2Fwp%2Fv2%2Fcomments&post=2684"}],"version-history":[{"count":0,"href":"https:\/\/www.aom-systems.com\/de\/index.php?rest_route=\/wp\/v2\/pages\/2684\/revisions"}],"wp:attachment":[{"href":"https:\/\/www.aom-systems.com\/de\/index.php?rest_route=%2Fwp%2Fv2%2Fmedia&parent=2684"}],"curies":[{"name":"wp","href":"https:\/\/api.w.org\/{rel}","templated":true}]}}