{"id":28848,"date":"2026-04-28T10:41:25","date_gmt":"2026-04-28T08:41:25","guid":{"rendered":"https:\/\/www.aom-systems.com\/de\/?page_id=28848"},"modified":"2026-04-28T10:52:53","modified_gmt":"2026-04-28T08:52:53","slug":"application-note-sprayspy-processline-ventherm","status":"publish","type":"page","link":"https:\/\/www.aom-systems.com\/de\/?page_id=28848","title":{"rendered":"SpraySpy ProcessLine \/ Ventherm"},"content":{"rendered":"\n<p><strong>Kundenbericht der Firma Ventherm zu der SpraySpy ProcessLine<\/strong><\/p>\n\n\n<div class=\"wp-block-image\">\n<figure class=\"alignright size-full\"><a href=\"https:\/\/www.aom-systems.com\/de\/wp-content\/uploads\/2026\/04\/2kgx0Xi9RCZeZ9mKPuwkPxbuqF41727423627683_200x200.png\"><img decoding=\"async\" data-src=\"https:\/\/www.aom-systems.com\/de\/wp-content\/uploads\/2026\/04\/2kgx0Xi9RCZeZ9mKPuwkPxbuqF41727423627683_200x200.png\" alt=\"\" class=\"wp-image-28833 lazyload\" src=\"data:image\/svg+xml;base64,PHN2ZyB3aWR0aD0iMSIgaGVpZ2h0PSIxIiB4bWxucz0iaHR0cDovL3d3dy53My5vcmcvMjAwMC9zdmciPjwvc3ZnPg==\" style=\"--smush-placeholder-width: 494px; --smush-placeholder-aspect-ratio: 494\/400;\" \/><\/a><\/figure>\n<\/div>\n\n\n<p><a href=\"https:\/\/ventherm.com\/\" target=\"_blank\" rel=\"noreferrer noopener\">Ventherm<\/a>, ein d\u00e4nischer Hersteller von ma\u00dfgeschneiderten Lackieranlagen und Oberfl\u00e4chenbehandlungsanlagen f\u00fcr die Windkraft-, Offshore-, Verteidigungs- und Transportbranche, hat die SpraySpy ProcessLine getestet und ist von den Vorteilen \u00fcberzeugt, die sie den Kunden bietet.<\/p>\n\n\n\n<p>Das Video (erstellt von der Firma Ventherm) zeigt einen Testaufbau einer Glasflocken-Polyesterbeschichtung im Laborma\u00dfstab, welcher mittels Airless Zerst\u00e4ubung aufgetragen wird. Prozessfehler, welche rechts im Bild erkennbar sind werden direkt vom SpraySpy (links) in Echtzeit angezeigt. Dies erm\u00f6glicht hat eine vollautomatisierte Beschichtung auch von Prozessen die Fehleranf\u00e4llig sind.<\/p>\n\n\n\n<figure class=\"wp-block-embed is-type-video is-provider-youtube wp-block-embed-youtube wp-embed-aspect-16-9 wp-has-aspect-ratio\"><div class=\"wp-block-embed__wrapper\">\n<div class=\"epyt-video-wrapper\"> <div class=\"brlbs-cmpnt-container brlbs-cmpnt-content-blocker brlbs-cmpnt-with-individual-styles\" data-borlabs-cookie-content-blocker-id=\"default\" data-borlabs-cookie-content=\"PGlmcmFtZSAgaWQ9Il95dGlkXzgyODQ3IiAgd2lkdGg9IjEyMDAiIGhlaWdodD0iNjc1IiAgZGF0YS1vcmlnd2lkdGg9IjEyMDAiIGRhdGEtb3JpZ2hlaWdodD0iNjc1IiAgZGF0YS1yZWxzdG9wPSIxIiBzcmM9Imh0dHBzOi8vd3d3LnlvdXR1YmUuY29tL2VtYmVkLzZoZVpsVlB3ODlzP2VuYWJsZWpzYXBpPTEmYXV0b3BsYXk9MCZjY19sb2FkX3BvbGljeT0wJmNjX2xhbmdfcHJlZj0maXZfbG9hZF9wb2xpY3k9MyZsb29wPTAmcmVsPTAmZnM9MSZwbGF5c2lubGluZT0wJmF1dG9oaWRlPTImdGhlbWU9ZGFyayZjb2xvcj1yZWQmY29udHJvbHM9MSZkaXNhYmxla2I9MCYiIGNsYXNzPSJfX3lvdXR1YmVfcHJlZnNfXyAgZXB5dC1pcy1vdmVycmlkZSAgbm8tbGF6eWxvYWQiIGRhdGEtdm9sPSIwIiAgZGF0YS1lcGF1dG9wbGF5PSIxIiAgdGl0bGU9IllvdVR1YmUgcGxheWVyIiAgYWxsb3c9ImZ1bGxzY3JlZW47IGFjY2VsZXJvbWV0ZXI7IGF1dG9wbGF5OyBjbGlwYm9hcmQtd3JpdGU7IGVuY3J5cHRlZC1tZWRpYTsgZ3lyb3Njb3BlOyBwaWN0dXJlLWluLXBpY3R1cmU7IHdlYi1zaGFyZSIgcmVmZXJyZXJwb2xpY3k9InN0cmljdC1vcmlnaW4td2hlbi1jcm9zcy1vcmlnaW4iIGFsbG93ZnVsbHNjcmVlbiBkYXRhLW5vLWxhenk9IjEiIGRhdGEtc2tpcGdmb3JtX2FqYXhfZnJhbWViamxsPSIiPjwvaWZyYW1lPg==\"><div class=\"brlbs-cmpnt-cb-preset-a\"> <p class=\"brlbs-cmpnt-cb-description\">Sie sehen gerade einen Platzhalterinhalt von <strong>Standard<\/strong>. Um auf den eigentlichen Inhalt zuzugreifen, klicken Sie auf den Button unten. Bitte beachten Sie, dass dabei Daten an Drittanbieter weitergegeben werden.<\/p> <div class=\"brlbs-cmpnt-cb-buttons\"> <a class=\"brlbs-cmpnt-cb-btn\" href=\"#\" data-borlabs-cookie-unblock role=\"button\">Inhalt entsperren<\/a> <a class=\"brlbs-cmpnt-cb-btn\" href=\"#\" data-borlabs-cookie-accept-service role=\"button\" style=\"display: none\">Erforderlichen Service akzeptieren und Inhalte entsperren<\/a> <\/div> <a class=\"brlbs-cmpnt-cb-provider-toggle\" href=\"#\" data-borlabs-cookie-show-provider-information role=\"button\">Weitere Informationen<\/a> <\/div><\/div><\/div>\n<\/div><\/figure>\n\n\n\n<p><\/p>\n\n\n\n<p><strong>Warum ist das Relevant:<\/strong><\/p>\n\n\n\n<p>Die Kunden von Ventherm legen wert auf h\u00f6chste Qualit\u00e4t und eine homogene Mindestschichtdicke. Leider kommt es durch dem Lack beigesetzten Glass-Flakes zu Verstopfungen im Spritzstrahl was zu einer inhomogenen Schichtdicke f\u00fchrt.<\/p>\n\n\n\n<p><strong>Rune Lars Bendixen von Ventherm<\/strong> sagt dazu: &#8222;<em>We tested SpraySpy so that we could offer our customers a higher Process quality at lower costs. As you can see in the video, with SpraySpy we were able to clearly identify faults in the spray pattern. We are convinced of the technology and, as system integrator, are happy to offer our customers the option of incorporating this technology into their systems.&#8220;<\/em><\/p>\n\n\n\n<p><\/p>\n","protected":false},"excerpt":{"rendered":"<p>Kundenbericht der Firma Ventherm zu der SpraySpy ProcessLine Ventherm, ein d\u00e4nischer Hersteller von ma\u00dfgeschneiderten Lackieranlagen und Oberfl\u00e4chenbehandlungsanlagen f\u00fcr die Windkraft-, Offshore-, Verteidigungs- und Transportbranche, hat die SpraySpy ProcessLine getestet und ist von den Vorteilen \u00fcberzeugt, die sie den Kunden bietet. Das Video (erstellt von der Firma Ventherm) zeigt einen Testaufbau einer Glasflocken-Polyesterbeschichtung im Laborma\u00dfstab, welcher &#8230; <a title=\"SpraySpy ProcessLine \/ Ventherm\" class=\"read-more\" href=\"https:\/\/www.aom-systems.com\/de\/?page_id=28848\" aria-label=\"Mehr Informationen \u00fcber SpraySpy ProcessLine \/ Ventherm\">Read more<\/a><\/p>\n","protected":false},"author":1,"featured_media":0,"parent":0,"menu_order":0,"comment_status":"closed","ping_status":"closed","template":"","meta":{"footnotes":""},"class_list":["post-28848","page","type-page","status-publish"],"_links":{"self":[{"href":"https:\/\/www.aom-systems.com\/de\/index.php?rest_route=\/wp\/v2\/pages\/28848","targetHints":{"allow":["GET"]}}],"collection":[{"href":"https:\/\/www.aom-systems.com\/de\/index.php?rest_route=\/wp\/v2\/pages"}],"about":[{"href":"https:\/\/www.aom-systems.com\/de\/index.php?rest_route=\/wp\/v2\/types\/page"}],"author":[{"embeddable":true,"href":"https:\/\/www.aom-systems.com\/de\/index.php?rest_route=\/wp\/v2\/users\/1"}],"replies":[{"embeddable":true,"href":"https:\/\/www.aom-systems.com\/de\/index.php?rest_route=%2Fwp%2Fv2%2Fcomments&post=28848"}],"version-history":[{"count":0,"href":"https:\/\/www.aom-systems.com\/de\/index.php?rest_route=\/wp\/v2\/pages\/28848\/revisions"}],"wp:attachment":[{"href":"https:\/\/www.aom-systems.com\/de\/index.php?rest_route=%2Fwp%2Fv2%2Fmedia&parent=28848"}],"curies":[{"name":"wp","href":"https:\/\/api.w.org\/{rel}","templated":true}]}}