{"id":29031,"date":"2026-05-04T08:37:16","date_gmt":"2026-05-04T06:37:16","guid":{"rendered":"https:\/\/www.aom-systems.com\/de\/?page_id=29031"},"modified":"2026-05-05T13:35:19","modified_gmt":"2026-05-05T11:35:19","slug":"anwendungsbeispiel-homogene-und-reduzierte-schichtdicke","status":"publish","type":"page","link":"https:\/\/www.aom-systems.com\/de\/?page_id=29031","title":{"rendered":"Homogene und reduzierte Schichtdicke"},"content":{"rendered":"\n<p>Bei verschiedenen Beschichtungsvorg\u00e4ngen ist eine homogene Schichtdicke im Endprodukt sehr wichtig, dies kann zum Beispiel in der Pharmazeutischen Industrie, bei Medizinprodukten oder in der Automobilindustrie der Fall sein.<\/p>\n\n\n\n<p>Mit der <a href=\"https:\/\/www.aom-systems.com\/de\/?page_id=2630\" target=\"_blank\" rel=\"noreferrer noopener\">SpraySpy<sup>\u00ae<\/sup> ProcessLine<\/a> kann man den Volumenfluss pro Fl\u00e4che bereits w\u00e4hrend der Applikation \u00fcberpr\u00fcfen und somit eine homogene Beschichtung (Verschmutzung auf dem Bauteil ausgeschlossen) annehmen. Zus\u00e4tzlich erfolgt diese \u00dcberwachung in Echtzeit. Dadurch entfallen Sicherheitsbeiwerte bei der Schichtdicke. In der Automobilindustrie kann das bis zu 15 % Lack in der Produktion einsparen. Bei der Produktion von Medizinprodukten hingegen hilft die \u00dcberwachung des Volumenflusses den Fl\u00e4chenauftrag eines Wirkstoffes zu garantieren.<\/p>\n\n\n\n<h3 class=\"wp-block-heading\">SpraySpy<sup>\u00ae<\/sup>&nbsp;an einem Sames Hochrotationszerst\u00e4uber &#8211; Beispiel f\u00fcr eine Echtzeit Spray-\u00dcberwachung des Produktionsprozesses:<\/h3>\n\n\n\n<figure class=\"wp-block-embed is-type-video is-provider-youtube wp-block-embed-youtube wp-embed-aspect-16-9 wp-has-aspect-ratio\"><div class=\"wp-block-embed__wrapper\">\n<div class=\"epyt-video-wrapper\"> <div class=\"brlbs-cmpnt-container brlbs-cmpnt-content-blocker brlbs-cmpnt-with-individual-styles\" data-borlabs-cookie-content-blocker-id=\"default\" data-borlabs-cookie-content=\"PGlmcmFtZSAgaWQ9Il95dGlkXzgyNjAwIiAgd2lkdGg9IjEyMDAiIGhlaWdodD0iNjc1IiAgZGF0YS1vcmlnd2lkdGg9IjEyMDAiIGRhdGEtb3JpZ2hlaWdodD0iNjc1IiAgZGF0YS1yZWxzdG9wPSIxIiBzcmM9Imh0dHBzOi8vd3d3LnlvdXR1YmUuY29tL2VtYmVkL09GbHlCSzlPbjA0P2VuYWJsZWpzYXBpPTEmYXV0b3BsYXk9MCZjY19sb2FkX3BvbGljeT0wJmNjX2xhbmdfcHJlZj0maXZfbG9hZF9wb2xpY3k9MyZsb29wPTAmcmVsPTAmZnM9MSZwbGF5c2lubGluZT0wJmF1dG9oaWRlPTImdGhlbWU9ZGFyayZjb2xvcj1yZWQmY29udHJvbHM9MSZkaXNhYmxla2I9MCYiIGNsYXNzPSJfX3lvdXR1YmVfcHJlZnNfXyAgZXB5dC1pcy1vdmVycmlkZSAgbm8tbGF6eWxvYWQiIGRhdGEtdm9sPSIwIiAgZGF0YS1lcGF1dG9wbGF5PSIxIiAgdGl0bGU9IllvdVR1YmUgcGxheWVyIiAgYWxsb3c9ImZ1bGxzY3JlZW47IGFjY2VsZXJvbWV0ZXI7IGF1dG9wbGF5OyBjbGlwYm9hcmQtd3JpdGU7IGVuY3J5cHRlZC1tZWRpYTsgZ3lyb3Njb3BlOyBwaWN0dXJlLWluLXBpY3R1cmU7IHdlYi1zaGFyZSIgcmVmZXJyZXJwb2xpY3k9InN0cmljdC1vcmlnaW4td2hlbi1jcm9zcy1vcmlnaW4iIGFsbG93ZnVsbHNjcmVlbiBkYXRhLW5vLWxhenk9IjEiIGRhdGEtc2tpcGdmb3JtX2FqYXhfZnJhbWViamxsPSIiPjwvaWZyYW1lPg==\"><div class=\"brlbs-cmpnt-cb-preset-a\"> <p class=\"brlbs-cmpnt-cb-description\">Sie sehen gerade einen Platzhalterinhalt von <strong>Standard<\/strong>. Um auf den eigentlichen Inhalt zuzugreifen, klicken Sie auf den Button unten. Bitte beachten Sie, dass dabei Daten an Drittanbieter weitergegeben werden.<\/p> <div class=\"brlbs-cmpnt-cb-buttons\"> <a class=\"brlbs-cmpnt-cb-btn\" href=\"#\" data-borlabs-cookie-unblock role=\"button\">Inhalt entsperren<\/a> <a class=\"brlbs-cmpnt-cb-btn\" href=\"#\" data-borlabs-cookie-accept-service role=\"button\" style=\"display: none\">Erforderlichen Service akzeptieren und Inhalte entsperren<\/a> <\/div> <a class=\"brlbs-cmpnt-cb-provider-toggle\" href=\"#\" data-borlabs-cookie-show-provider-information role=\"button\">Weitere Informationen<\/a> <\/div><\/div><\/div>\n<\/div><\/figure>\n\n\n\n\n\n<p><strong>Die Spray-\u00dcberwachung bietet folgende Vorteile:<\/strong><\/p>\n\n\n\n<ul class=\"wp-block-list\">\n<li>Materialeinsparung von &lt; 15%<\/li>\n\n\n\n<li>Garantie der Mindestschichtdicke<\/li>\n\n\n\n<li>H\u00f6herer Produktions-Output durch Echtzeit Prozess\u00fcberwachung, statt nachgelagerter End-of-line Kontrolle.<\/li>\n\n\n\n<li>Geringere Investitionskosten in End-of-Line-Messtechnik bzw. geringerer Personalaufwand bei manueller Endkontrolle<\/li>\n<\/ul>\n\n\n\n<p>Gerne sprechen wir mit Ihnen \u00fcber Ihren spezifischen Einsatz und Ihre spezifischen Einsparpotenziale. <a href=\"https:\/\/www.aom-systems.com\/de\/?page_id=212\">Bitte sprechen Sie uns an.<\/a><\/p>\n\n\n\n<p><\/p>\n","protected":false},"excerpt":{"rendered":"<p>Bei verschiedenen Beschichtungsvorg\u00e4ngen ist eine homogene Schichtdicke im Endprodukt sehr wichtig, dies kann zum Beispiel in der Pharmazeutischen Industrie, bei Medizinprodukten oder in der Automobilindustrie der Fall sein. Mit der SpraySpy\u00ae ProcessLine kann man den Volumenfluss pro Fl\u00e4che bereits w\u00e4hrend der Applikation \u00fcberpr\u00fcfen und somit eine homogene Beschichtung (Verschmutzung auf dem Bauteil ausgeschlossen) annehmen. Zus\u00e4tzlich &#8230; <a title=\"Homogene und reduzierte Schichtdicke\" class=\"read-more\" href=\"https:\/\/www.aom-systems.com\/de\/?page_id=29031\" aria-label=\"Mehr Informationen \u00fcber Homogene und reduzierte Schichtdicke\">Read more<\/a><\/p>\n","protected":false},"author":1,"featured_media":0,"parent":199,"menu_order":2,"comment_status":"closed","ping_status":"closed","template":"","meta":{"footnotes":""},"class_list":["post-29031","page","type-page","status-publish"],"_links":{"self":[{"href":"https:\/\/www.aom-systems.com\/de\/index.php?rest_route=\/wp\/v2\/pages\/29031","targetHints":{"allow":["GET"]}}],"collection":[{"href":"https:\/\/www.aom-systems.com\/de\/index.php?rest_route=\/wp\/v2\/pages"}],"about":[{"href":"https:\/\/www.aom-systems.com\/de\/index.php?rest_route=\/wp\/v2\/types\/page"}],"author":[{"embeddable":true,"href":"https:\/\/www.aom-systems.com\/de\/index.php?rest_route=\/wp\/v2\/users\/1"}],"replies":[{"embeddable":true,"href":"https:\/\/www.aom-systems.com\/de\/index.php?rest_route=%2Fwp%2Fv2%2Fcomments&post=29031"}],"version-history":[{"count":0,"href":"https:\/\/www.aom-systems.com\/de\/index.php?rest_route=\/wp\/v2\/pages\/29031\/revisions"}],"up":[{"embeddable":true,"href":"https:\/\/www.aom-systems.com\/de\/index.php?rest_route=\/wp\/v2\/pages\/199"}],"wp:attachment":[{"href":"https:\/\/www.aom-systems.com\/de\/index.php?rest_route=%2Fwp%2Fv2%2Fmedia&parent=29031"}],"curies":[{"name":"wp","href":"https:\/\/api.w.org\/{rel}","templated":true}]}}