{"id":29058,"date":"2026-05-04T09:18:59","date_gmt":"2026-05-04T07:18:59","guid":{"rendered":"https:\/\/www.aom-systems.com\/de\/?page_id=29058"},"modified":"2026-05-04T09:47:54","modified_gmt":"2026-05-04T07:47:54","slug":"application-note-thermofisher-scientific-ueber-sprayspy","status":"publish","type":"page","link":"https:\/\/www.aom-systems.com\/de\/?page_id=29058","title":{"rendered":"ThermoFisher Scientific \u00fcber SpraySpy\u00ae"},"content":{"rendered":"<div class=\"wp-block-image\">\n<figure class=\"alignright size-full\"><a href=\"https:\/\/www.aom-systems.com\/en\/wp-content\/uploads\/2026\/04\/tf.png\"><img decoding=\"async\" data-src=\"https:\/\/www.aom-systems.com\/en\/wp-content\/uploads\/2026\/04\/tf.png\" alt=\"\" class=\"wp-image-27895 lazyload\" src=\"data:image\/svg+xml;base64,PHN2ZyB3aWR0aD0iMSIgaGVpZ2h0PSIxIiB4bWxucz0iaHR0cDovL3d3dy53My5vcmcvMjAwMC9zdmciPjwvc3ZnPg==\" \/><\/a><\/figure>\n<\/div>\n\n\n<p>ThermoFisher, eine weltweit f\u00fchrende Marke f\u00fcr wissenschaftliche Ger\u00e4te, setzt SpraySpy\u00ae von AOM-Systems ein. Der Kunde nutzt SpraySpy\u00ae f\u00fcr seine Forschungs- und Entwicklungsarbeit, um neue Produktinnovationen f\u00fcr seine anspruchsvollen Kunden zu entwickeln. Daher stellt ThermoFisher hohe Anforderungen an die Genauigkeit des Messger\u00e4ts von AOM-Systems. Um die Genauigkeit sicherzustellen, f\u00fchrte ThermoFisher eine Studie durch, um die vom Ger\u00e4t gelieferten Messergebnisse zu validieren.<\/p>\n\n\n\n<p>Zwei verschiedene Pr\u00fcfmessungen (durchgef\u00fchrt vom Kunden):<\/p>\n\n\n\n<p>Erste Messung mit Tr\u00f6pfchengenerator:<\/p>\n\n\n<div class=\"wp-block-image\">\n<figure class=\"aligncenter size-medium\"><a href=\"https:\/\/www.aom-systems.com\/en\/wp-content\/uploads\/2026\/04\/mono-TF.png\"><img decoding=\"async\" data-src=\"https:\/\/www.aom-systems.com\/en\/wp-content\/uploads\/2026\/04\/mono-TF-300x227.png\" alt=\"\" class=\"wp-image-27896 lazyload\" src=\"data:image\/svg+xml;base64,PHN2ZyB3aWR0aD0iMSIgaGVpZ2h0PSIxIiB4bWxucz0iaHR0cDovL3d3dy53My5vcmcvMjAwMC9zdmciPjwvc3ZnPg==\" style=\"--smush-placeholder-width: 300px; --smush-placeholder-aspect-ratio: 300\/227;\" \/><\/a><\/figure>\n<\/div>\n\n\n<p>ThermoFisher verwendete einen TSI\/MSP (Monodisperser Aerosolgenerator, Modell 1520) Tr\u00f6pfchengenerator. Basierend auf der Durchflussrate in \u00b5l\/min und der Frequenz l\u00e4sst sich die erwartete Tr\u00f6pfchengr\u00f6\u00dfe berechnen, beginnend bei 20 \u00b5m. Der Vergleich der theoretischen Tr\u00f6pfchengr\u00f6\u00dfe mit dem SpraySpy\u00ae-Messergebnis ergibt die Genauigkeit des SpraySpy\u00ae.<\/p>\n\n\n\n<p>Dem Autor ist bewusst, dass diese Methode nicht perfekt ist, aber eine zuverl\u00e4ssige und praktische M\u00f6glichkeit darstellt, die Genauigkeit des SpraySpy\u00ae-Ger\u00e4ts zu analysieren. Abbildung 1 zeigt den Aufbau des SpraySpy\u00ae und des Tr\u00f6pfchengenerators. Tabelle 1 zeigt die Kalibrierungskurve der Studie von ThermoFisher. In der Kalibrierungskurve stellen die blauen Punkte die vom Tr\u00f6pfchengenerator angegebene theoretische Tr\u00f6pfchengr\u00f6\u00dfe dar (Genauigkeit +\/- 1 %) und die roten Punkte das SpraySpy\u00ae-Messergebnis.<\/p>\n\n\n<div class=\"wp-block-image\">\n<figure class=\"aligncenter size-medium\"><a href=\"https:\/\/www.aom-systems.com\/en\/wp-content\/uploads\/2026\/04\/cal-curve-TF.png\"><img decoding=\"async\" data-src=\"https:\/\/www.aom-systems.com\/en\/wp-content\/uploads\/2026\/04\/cal-curve-TF-300x229.png\" alt=\"\" class=\"wp-image-27897 lazyload\" src=\"data:image\/svg+xml;base64,PHN2ZyB3aWR0aD0iMSIgaGVpZ2h0PSIxIiB4bWxucz0iaHR0cDovL3d3dy53My5vcmcvMjAwMC9zdmciPjwvc3ZnPg==\" style=\"--smush-placeholder-width: 300px; --smush-placeholder-aspect-ratio: 300\/229;\" \/><\/a><\/figure>\n<\/div>\n\n\n<p>Daher werden die SpraySpy\u00ae-Messergebnisse ab 20 \u00b5m als genau bewertet. Um die Genauigkeit des SpraySpy\u00ae-Systems unterhalb von 20 \u00b5m zu analysieren, war eine zweite Messung erforderlich.<\/p>\n\n\n\n<p>Zweite Referenzmessung mit einem Zerst\u00e4uber:<\/p>\n\n\n<div class=\"wp-block-image\">\n<figure class=\"aligncenter size-medium\"><a href=\"https:\/\/www.aom-systems.com\/en\/wp-content\/uploads\/2026\/04\/Ref-atom-TF.png\"><img decoding=\"async\" data-src=\"https:\/\/www.aom-systems.com\/en\/wp-content\/uploads\/2026\/04\/Ref-atom-TF-300x130.png\" alt=\"\" class=\"wp-image-27898 lazyload\" src=\"data:image\/svg+xml;base64,PHN2ZyB3aWR0aD0iMSIgaGVpZ2h0PSIxIiB4bWxucz0iaHR0cDovL3d3dy53My5vcmcvMjAwMC9zdmciPjwvc3ZnPg==\" style=\"--smush-placeholder-width: 300px; --smush-placeholder-aspect-ratio: 300\/130;\" \/><\/a><\/figure>\n<\/div>\n\n\n<p>Zur Untersuchung der Tr\u00f6pfchen unterhalb von 20 \u00b5m verwendete ThermoFisher einen pneumatischen Zerst\u00e4uber (Abbildung 2) als Referenz. Dieser Zerst\u00e4uber ist f\u00fcr seine feine Zerst\u00e4ubung bekannt. Tabelle 2 zeigt die Tr\u00f6pfchengr\u00f6\u00dfenverteilung dieses Zerst\u00e4ubers. Die Verteilung zeigt eine glatte bimodale Kurve, die bei 1 \u00b5m beginnt und ihren Peak bei 15,5 \u00b5m hat, was gut den Erwartungen entspricht.<\/p>\n\n\n\n<p>Da bekannt ist, dass das SpraySpy\u00ae-System ab 20 \u00b5m genau misst (vgl. Tabelle 1) und realistische Messergebnisse (vgl. Tabelle 2) f\u00fcr Tr\u00f6pfchen zwischen 1 und 15,5 \u00b5m liefert, l\u00e4sst sich auf diese Weise die Gesamtgenauigkeit von SpraySpy\u00ae f\u00fcr Tr\u00f6pfchen zwischen 1 und 50 \u00b5m bestimmen.<\/p>\n\n\n<div class=\"wp-block-image\">\n<figure class=\"aligncenter size-medium is-resized\"><a href=\"https:\/\/www.aom-systems.com\/en\/wp-content\/uploads\/2026\/04\/table-2-TF.png\"><img decoding=\"async\" data-src=\"https:\/\/www.aom-systems.com\/en\/wp-content\/uploads\/2026\/04\/table-2-TF-300x172.png\" alt=\"\" class=\"wp-image-27899 lazyload\" style=\"--smush-placeholder-width: 300px; --smush-placeholder-aspect-ratio: 300\/172;aspect-ratio:1.744232614029642;width:384px;height:auto\" src=\"data:image\/svg+xml;base64,PHN2ZyB3aWR0aD0iMSIgaGVpZ2h0PSIxIiB4bWxucz0iaHR0cDovL3d3dy53My5vcmcvMjAwMC9zdmciPjwvc3ZnPg==\" \/><\/a><\/figure>\n<\/div>\n\n\n<p>F\u00fcr ThermoFisher ist dies der Beweis, dass das SpraySpy\u00ae-System selbst sehr feine Tr\u00f6pfchen ab 1 \u00b5m genau misst.<\/p>\n\n\n\n<p><\/p>\n","protected":false},"excerpt":{"rendered":"<p>ThermoFisher, eine weltweit f\u00fchrende Marke f\u00fcr wissenschaftliche Ger\u00e4te, setzt SpraySpy\u00ae von AOM-Systems ein. Der Kunde nutzt SpraySpy\u00ae f\u00fcr seine Forschungs- und Entwicklungsarbeit, um neue Produktinnovationen f\u00fcr seine anspruchsvollen Kunden zu entwickeln. Daher stellt ThermoFisher hohe Anforderungen an die Genauigkeit des Messger\u00e4ts von AOM-Systems. Um die Genauigkeit sicherzustellen, f\u00fchrte ThermoFisher eine Studie durch, um die vom &#8230; <a title=\"ThermoFisher Scientific \u00fcber SpraySpy\u00ae\" class=\"read-more\" href=\"https:\/\/www.aom-systems.com\/de\/?page_id=29058\" aria-label=\"Mehr Informationen \u00fcber ThermoFisher Scientific \u00fcber SpraySpy\u00ae\">Read more<\/a><\/p>\n","protected":false},"author":1,"featured_media":0,"parent":199,"menu_order":1,"comment_status":"closed","ping_status":"closed","template":"","meta":{"footnotes":""},"class_list":["post-29058","page","type-page","status-publish"],"_links":{"self":[{"href":"https:\/\/www.aom-systems.com\/de\/index.php?rest_route=\/wp\/v2\/pages\/29058","targetHints":{"allow":["GET"]}}],"collection":[{"href":"https:\/\/www.aom-systems.com\/de\/index.php?rest_route=\/wp\/v2\/pages"}],"about":[{"href":"https:\/\/www.aom-systems.com\/de\/index.php?rest_route=\/wp\/v2\/types\/page"}],"author":[{"embeddable":true,"href":"https:\/\/www.aom-systems.com\/de\/index.php?rest_route=\/wp\/v2\/users\/1"}],"replies":[{"embeddable":true,"href":"https:\/\/www.aom-systems.com\/de\/index.php?rest_route=%2Fwp%2Fv2%2Fcomments&post=29058"}],"version-history":[{"count":0,"href":"https:\/\/www.aom-systems.com\/de\/index.php?rest_route=\/wp\/v2\/pages\/29058\/revisions"}],"up":[{"embeddable":true,"href":"https:\/\/www.aom-systems.com\/de\/index.php?rest_route=\/wp\/v2\/pages\/199"}],"wp:attachment":[{"href":"https:\/\/www.aom-systems.com\/de\/index.php?rest_route=%2Fwp%2Fv2%2Fmedia&parent=29058"}],"curies":[{"name":"wp","href":"https:\/\/api.w.org\/{rel}","templated":true}]}}