{"id":431,"date":"2015-04-07T14:32:37","date_gmt":"2015-04-07T12:32:37","guid":{"rendered":"http:\/\/aom-systems.de\/wordpress\/?page_id=431"},"modified":"2023-10-12T13:18:55","modified_gmt":"2023-10-12T11:18:55","slug":"download-publikation","status":"publish","type":"page","link":"https:\/\/www.aom-systems.com\/de\/?page_id=431","title":{"rendered":"Publikationen"},"content":{"rendered":"\n<p><strong>Wir halten Sie \u00fcber die Entwicklung und die Anwendungsm\u00f6glichkeiten von&nbsp;SpraySpy<sup>\u00ae<\/sup>&nbsp;auf dem Laufenden und publizieren regelm\u00e4\u00dfig in verschiedenen Medien.<\/strong><\/p>\n\n\n\n<ul class=\"wp-block-list\">\n<li><a href=\"https:\/\/www.aom-systems.com\/de\/?cat=27\"><strong>Fachmagazine<\/strong><\/a><\/li>\n<\/ul>\n\n\n\n<p><a href=\"https:\/\/www.aom-systems.com\/de\/?cat=27\">Um die Experten aus Forschung und Industrie \u00fcber unsere neusten Entwicklungen zu informieren, setzen wir auf die enge Kooperation mit industriellen Fachmagazinen und Fachmedien.<\/a><\/p>\n\n\n\n<ul class=\"wp-block-list\">\n<li><a href=\"https:\/\/www.aom-systems.com\/de\/?cat=28\"><strong>Standards und Normen<\/strong><\/a><\/li>\n<\/ul>\n\n\n\n<p><a href=\"https:\/\/www.aom-systems.com\/de\/?cat=28\">Standards und Normen erleichtern dem Anwender in Forschung und Industrie die t\u00e4gliche Arbeit. In diesem Bereich berichten wir \u00fcber unsere Zusammenarbeit mit Experten, Institutionen und Gremien f\u00fcr Standardisierung und Normierung.<\/a><\/p>\n\n\n\n<ul class=\"wp-block-list\">\n<li><a href=\"https:\/\/www.aom-systems.com\/de\/?cat=25\"><strong>Wissenschaftliche Ver\u00f6ffentlichungen und Konferenzbeitr\u00e4ge<\/strong><\/a><\/li>\n<\/ul>\n\n\n\n<p><a href=\"https:\/\/www.aom-systems.com\/de\/?cat=25\">\u00dcber unsere Forschungst\u00e4tigkeit berichten wir in Form von wissenschaftlichen Ver\u00f6ffentlichungen und Konferenzbeitr\u00e4gen.<\/a><\/p>\n\n\n\n<ul class=\"wp-block-list\">\n<li><a href=\"https:\/\/www.aom-systems.com\/de\/?page_id=2077\"><strong>Poster &amp; Flyer<\/strong><\/a><\/li>\n<\/ul>\n\n\n\n<p><a href=\"https:\/\/www.aom-systems.com\/de\/?page_id=2077\">In diesem Bereich finden Sie Poster und Flyer zum Beispiel von Konferenzen.<\/a><\/p>\n\n\n\n<ul class=\"wp-block-list\">\n<li><a href=\"https:\/\/www.aom-systems.com\/de\/?page_id=138\"><strong>Videos<\/strong><\/a><\/li>\n<\/ul>\n\n\n\n<p><a href=\"https:\/\/www.aom-systems.com\/de\/?page_id=138\">Ein bewegtes Bild sagt mehr als tausend Worte \u2013 das beweisen die Videos \u00fcber unsere Produkte und ihre Anwendungen.<\/a><\/p>\n\n\n\n<ul class=\"wp-block-list\">\n<li><a href=\"https:\/\/www.aom-systems.com\/de\/?cat=36\" data-type=\"category\" data-id=\"36\"><strong>Neuigkeiten und Veranstaltungen<\/strong><\/a><\/li>\n<\/ul>\n\n\n\n<p><a href=\"https:\/\/www.aom-systems.com\/de\/?cat=36\" data-type=\"category\" data-id=\"36\">In diesem Bereich informieren wir Sie \u00fcber die aktuellen Geschehnisse in unserer Firma, wie zum Beispiel Messen oder Auszeichnungen.<\/a><\/p>\n\n\n\n<ul class=\"wp-block-list\">\n<li><a href=\"https:\/\/www.aom-systems.com\/de\/?cat=33\"><strong>Downloads<\/strong><\/a><\/li>\n<\/ul>\n\n\n\n<p><a href=\"https:\/\/www.aom-systems.com\/de\/?cat=33\">Hier&nbsp;<\/a><a href=\"https:\/\/www.aom-systems.com\/de\/?cat=33\">stehen allgemeine Informationen wie zum Beispiel Produktbrosch\u00fcren zum Download bereit.<\/a><\/p>\n","protected":false},"excerpt":{"rendered":"<p>Wir halten Sie \u00fcber die Entwicklung und die Anwendungsm\u00f6glichkeiten von&nbsp;SpraySpy\u00ae&nbsp;auf dem Laufenden und publizieren regelm\u00e4\u00dfig in verschiedenen Medien. Um die Experten aus Forschung und Industrie \u00fcber unsere neusten Entwicklungen zu informieren, setzen wir auf die enge Kooperation mit industriellen Fachmagazinen und Fachmedien. Standards und Normen erleichtern dem Anwender in Forschung und Industrie die t\u00e4gliche Arbeit. &#8230; <a title=\"Publikationen\" class=\"read-more\" href=\"https:\/\/www.aom-systems.com\/de\/?page_id=431\" aria-label=\"Mehr Informationen \u00fcber Publikationen\">Read more<\/a><\/p>\n","protected":false},"author":1,"featured_media":0,"parent":0,"menu_order":7,"comment_status":"closed","ping_status":"closed","template":"","meta":{"footnotes":""},"class_list":["post-431","page","type-page","status-publish"],"_links":{"self":[{"href":"https:\/\/www.aom-systems.com\/de\/index.php?rest_route=\/wp\/v2\/pages\/431","targetHints":{"allow":["GET"]}}],"collection":[{"href":"https:\/\/www.aom-systems.com\/de\/index.php?rest_route=\/wp\/v2\/pages"}],"about":[{"href":"https:\/\/www.aom-systems.com\/de\/index.php?rest_route=\/wp\/v2\/types\/page"}],"author":[{"embeddable":true,"href":"https:\/\/www.aom-systems.com\/de\/index.php?rest_route=\/wp\/v2\/users\/1"}],"replies":[{"embeddable":true,"href":"https:\/\/www.aom-systems.com\/de\/index.php?rest_route=%2Fwp%2Fv2%2Fcomments&post=431"}],"version-history":[{"count":0,"href":"https:\/\/www.aom-systems.com\/de\/index.php?rest_route=\/wp\/v2\/pages\/431\/revisions"}],"wp:attachment":[{"href":"https:\/\/www.aom-systems.com\/de\/index.php?rest_route=%2Fwp%2Fv2%2Fmedia&parent=431"}],"curies":[{"name":"wp","href":"https:\/\/api.w.org\/{rel}","templated":true}]}}