{"id":599,"date":"2021-09-04T11:25:53","date_gmt":"2021-09-04T09:25:53","guid":{"rendered":"http:\/\/aom-systems.de\/wordpress\/?page_id=599"},"modified":"2023-10-27T08:28:49","modified_gmt":"2023-10-27T06:28:49","slug":"impressum","status":"publish","type":"page","link":"https:\/\/www.aom-systems.com\/de\/?page_id=599","title":{"rendered":"Impressum"},"content":{"rendered":"\n<p><strong>Impressum&nbsp;<\/strong><\/p>\n\n\n\n<p>AOM-Systems GmbH<br>Benzstrasse 4<br>64646 Heppenheim<br>Germany<\/p>\n\n\n\n<p><strong>Gesch\u00e4ftsf\u00fchrung:<\/strong> Dr. Sch\u00e4fer, Dr. Hecker &amp; Dr. Rosenkranz<\/p>\n\n\n\n<p><strong>Beirat:<\/strong> Prof. Dr.&nbsp;Tropea<\/p>\n\n\n\n<p><strong>Sitz der Gesellschaft:<\/strong> Heppenheim<\/p>\n\n\n\n<p><strong>Registergericht:<\/strong>&nbsp;Darmstadt<\/p>\n\n\n\n<p><strong>HRB-Nummer:&nbsp;<\/strong>92310<\/p>\n\n\n\n<p><strong>Umsatzsteuer-Identifikationsnummer gem\u00e4\u00df \u00a7 27a Umsatzsteuergesetz:<\/strong>&nbsp;DE289703124<\/p>\n\n\n\n<p>AOM-Systems GmbH ist ein Spin-off der&nbsp;<a href=\"http:\/\/www.tu-darmstadt.de\/\" target=\"_blank\" rel=\"noreferrer noopener\">Technischen Universit\u00e4t Darmstadt<\/a>.<\/p>\n\n\n\n<p>Inhaltlich Verantwortlicher gem\u00e4\u00df \u00a7 6 MDStV: AOM-Systems GmbH<\/p>\n\n\n\n<p><strong>Haftungsausschluss (\u201edisclaimer\u201c)<\/strong><\/p>\n\n\n\n<p>Inhalt der Internetpr\u00e4senz<\/p>\n\n\n\n<p>Die AOM-Systems GmbH ist um Richtigkeit und Aktualit\u00e4t der auf dieser Internetpr\u00e4senz bereitgestellten Informationen bem\u00fcht. Trotzdem k\u00f6nnen Fehler und Unklarheiten nicht vollst\u00e4ndig ausgeschlossen werden. Die AOM-Systems GmbH \u00fcbernimmt deshalb keine Gew\u00e4hr f\u00fcr die Aktualit\u00e4t, Richtigkeit, Vollst\u00e4ndigkeit oder Qualit\u00e4t der bereitgestellten Informationen.<\/p>\n\n\n\n<p>F\u00fcr Sch\u00e4den materieller oder immaterieller Art, die durch die Nutzung oder Nichtnutzung der dargebotenen Informationen bzw. durch die Nutzung fehlerhafter und unvollst\u00e4ndiger Informationen unmittelbar oder mittelbar verursacht werden, haftet die AOM-Systems GmbH nicht, sofern ihr nicht nachweislich vors\u00e4tzliches oder grob fahrl\u00e4ssiges Verschulden zur Last f\u00e4llt. Gleiches gilt f\u00fcr kostenlos zum Download bereitgehaltene Inhalte.<\/p>\n\n\n\n<p><strong>Verweise und Links<\/strong><\/p>\n\n\n\n<p>Die Verantwortlichkeit f\u00fcr \u201efremde Inhalte\u201c, die beispielsweise durch direkte oder indirekte Verkn\u00fcpfungen (z.B. sogenannte \u201eLinks\u201c) zu anderen Anbietern bereitgehalten werden, setzt unter anderem positive und aktuelle Kenntnis des Inhaltes voraus. Die AOM-Systems GmbH hat keinerlei Einfluss auf die aktuelle und zuk\u00fcnftige Gestaltung und auf die Inhalte der gelinkten\/verkn\u00fcpften Seiten und macht sich diese Inhalte auch nicht zu Eigen. Deshalb distanziert er sich hiermit ausdr\u00fccklich von allen Inhalten aller gelinkten\/verkn\u00fcpften Seiten, die nach der Linksetzung ver\u00e4ndert wurden. Diese Feststellung gilt f\u00fcr alle innerhalb des eigenen Internetangebotes gesetzten Links und Verweise sowie f\u00fcr Fremdeintr\u00e4ge in von der AOM-Systems GmbH eingerichteten G\u00e4steb\u00fcchern, Diskussionsforen und Mailinglisten.<\/p>\n\n\n\n<p>F\u00fcr illegale, fehlerhafte oder unvollst\u00e4ndige Inhalte und insbesondere f\u00fcr Sch\u00e4den, die aus der Nutzung oder Nichtnutzung solcherart dargebotener Informationen entstehen, haftet allein der Anbieter der Seite, auf welche verwiesen wurde, nicht derjenige, der \u00fcber Links auf die jeweilige Ver\u00f6ffentlichung lediglich verweist. Die AOM-Systems GmbH hat keine positive Kenntnis \u00fcber rechtswidrige oder anst\u00f6\u00dfige Inhalte auf den verkn\u00fcpften Seiten fremder Anbieter. Sollten auf den verkn\u00fcpften Seiten fremder Anbieter dennoch rechtswidrige oder anst\u00f6\u00dfige Inhalte enthalten sein, so distanziert sich die AOM-Systems GmbH von diesen Inhalten ausdr\u00fccklich.<\/p>\n\n\n\n<p>Bei direkten oder indirekten Verweisen auf fremde Internetseiten (\u201eLinks\u201c), die au\u00dferhalb des Verantwortungsbereiches der AOM-Systems GmbH liegen, w\u00fcrde eine Haftungsverpflichtung ausschlie\u00dflich in dem Fall in Kraft treten, in dem die AOM-Systems GmbH von den Inhalten Kenntnis hat und es ihr technisch m\u00f6glich und zumutbar w\u00e4re, die Nutzung im Falle rechtswidriger Inhalte zu verhindern.<\/p>\n\n\n\n<p><strong>Urheber- und Kennzeichenrecht<\/strong><\/p>\n\n\n\n<p>Die AOM-Systems GmbH ist bestrebt, in allen Publikationen die Urheberrechte der verwendeten Grafiken, Tondokumente, Videosequenzen und Texte zu beachten, von ihr selbst erstellte Grafiken, Tondokumente, Videosequenzen und Texte zu nutzen oder auf lizenzfreie Grafiken, Tondokumente, Videosequenzen und Texte zur\u00fcckzugreifen. Alle innerhalb des Internetangebotes genannten und ggf. durch Dritte gesch\u00fctzten Marken- und Warenzeichen unterliegen uneingeschr\u00e4nkt den Bestimmungen des jeweils g\u00fcltigen Kennzeichenrechts und den Besitzrechten der jeweiligen eingetragenen Eigent\u00fcmer. Allein aufgrund der blo\u00dfen Nennung ist nicht der Schluss zu ziehen, dass Markenzeichen nicht durch Rechte Dritter gesch\u00fctzt sind!<\/p>\n\n\n\n<p>Das Copyright f\u00fcr ver\u00f6ffentlichte, von der AOM-Systems GmbH selbst erstellte Objekte bleibt allein bei der AOM-Systems GmbH. Eine Vervielf\u00e4ltigung oder Verwendung solcher Grafiken, Tondokumente, Videosequenzen und Texte in anderen elektronischen oder gedruckten Publikationen ist ohne ausdr\u00fcckliche Zustimmung der AOM-Systems GmbH nicht gestattet.<\/p>\n","protected":false},"excerpt":{"rendered":"<p>Impressum&nbsp; AOM-Systems GmbHBenzstrasse 464646 HeppenheimGermany Gesch\u00e4ftsf\u00fchrung: Dr. Sch\u00e4fer, Dr. Hecker &amp; Dr. Rosenkranz Beirat: Prof. Dr.&nbsp;Tropea Sitz der Gesellschaft: Heppenheim Registergericht:&nbsp;Darmstadt HRB-Nummer:&nbsp;92310 Umsatzsteuer-Identifikationsnummer gem\u00e4\u00df \u00a7 27a Umsatzsteuergesetz:&nbsp;DE289703124 AOM-Systems GmbH ist ein Spin-off der&nbsp;Technischen Universit\u00e4t Darmstadt. Inhaltlich Verantwortlicher gem\u00e4\u00df \u00a7 6 MDStV: AOM-Systems GmbH Haftungsausschluss (\u201edisclaimer\u201c) Inhalt der Internetpr\u00e4senz Die AOM-Systems GmbH ist um Richtigkeit und &#8230; <a title=\"Impressum\" class=\"read-more\" href=\"https:\/\/www.aom-systems.com\/de\/?page_id=599\" aria-label=\"Mehr Informationen \u00fcber Impressum\">Read more<\/a><\/p>\n","protected":false},"author":1,"featured_media":0,"parent":0,"menu_order":2,"comment_status":"closed","ping_status":"closed","template":"","meta":{"footnotes":""},"class_list":["post-599","page","type-page","status-publish"],"_links":{"self":[{"href":"https:\/\/www.aom-systems.com\/de\/index.php?rest_route=\/wp\/v2\/pages\/599","targetHints":{"allow":["GET"]}}],"collection":[{"href":"https:\/\/www.aom-systems.com\/de\/index.php?rest_route=\/wp\/v2\/pages"}],"about":[{"href":"https:\/\/www.aom-systems.com\/de\/index.php?rest_route=\/wp\/v2\/types\/page"}],"author":[{"embeddable":true,"href":"https:\/\/www.aom-systems.com\/de\/index.php?rest_route=\/wp\/v2\/users\/1"}],"replies":[{"embeddable":true,"href":"https:\/\/www.aom-systems.com\/de\/index.php?rest_route=%2Fwp%2Fv2%2Fcomments&post=599"}],"version-history":[{"count":0,"href":"https:\/\/www.aom-systems.com\/de\/index.php?rest_route=\/wp\/v2\/pages\/599\/revisions"}],"wp:attachment":[{"href":"https:\/\/www.aom-systems.com\/de\/index.php?rest_route=%2Fwp%2Fv2%2Fmedia&parent=599"}],"curies":[{"name":"wp","href":"https:\/\/api.w.org\/{rel}","templated":true}]}}